{"id":743,"date":"2024-11-29T22:10:31","date_gmt":"2024-11-29T22:10:31","guid":{"rendered":"http:\/\/www.starogardgdanski.eu\/2025\/?page_id=743"},"modified":"2024-12-08T17:51:52","modified_gmt":"2024-12-08T17:51:52","slug":"panel-iii-polityki-publiczne-w-administracji","status":"publish","type":"page","link":"https:\/\/www.starogardgdanski.eu\/2025\/zakresy-tematyczne-paneli\/panel-iii-polityki-publiczne-w-administracji\/","title":{"rendered":"Panel III Polityki publiczne w administracji"},"content":{"rendered":"\t\t<div data-elementor-type=\"wp-page\" data-elementor-id=\"743\" class=\"elementor elementor-743\">\n\t\t\t\t<div class=\"elementor-element elementor-element-61d42dcb e-flex e-con-boxed wpr-particle-no wpr-jarallax-no wpr-parallax-no wpr-sticky-section-no e-con e-parent\" data-id=\"61d42dcb\" data-element_type=\"container\" data-settings=\"{&quot;background_background&quot;:&quot;classic&quot;}\">\n\t\t\t\t\t<div class=\"e-con-inner\">\n\t\t\t\t<div class=\"elementor-element elementor-element-5cac97ce elementor-widget elementor-widget-text-editor\" data-id=\"5cac97ce\" data-element_type=\"widget\" data-widget_type=\"text-editor.default\">\n\t\t\t\t<div class=\"elementor-widget-container\">\n\t\t\t\t\t\t\t\t\t<h1>Panel III Polityki publiczne w administracji<\/h1><p>Panel \u201ePolityki publiczne w administracji\u201d b\u0119dzie osadzony w kontek\u015bcie teorii zarz\u0105dzania w samorz\u0105dzie, ze szczeg\u00f3lnym uwzgl\u0119dnieniem roli zarz\u0105dzania strategicznego jako fundamentu polityk publicznych. Zarz\u0105dzanie strategiczne w samorz\u0105dzie jest kluczowym procesem, kt\u00f3ry pozwala jednostkom administracji lokalnej na skuteczne i d\u0142ugofalowe planowanie rozwoju spo\u0142eczno\u015bci oraz odpowiadanie na wyzwania, jakie stawia dynamicznie zmieniaj\u0105ce si\u0119 otoczenie spo\u0142eczne, ekonomiczne i \u015brodowiskowe.<\/p><p>Efektywne zarz\u0105dzanie strategiczne opiera si\u0119 na okre\u015blaniu priorytet\u00f3w, wytyczaniu konkretnych cel\u00f3w oraz wdra\u017caniu polityk, kt\u00f3re przyczyniaj\u0105 si\u0119 do realizacji d\u0142ugoterminowej wizji rozwoju. W samorz\u0105dach lokalnych proces ten ma szczeg\u00f3lne znaczenie dla kszta\u0142towania polityk publicznych, takich jak polityki miejskie oraz procesy deinstytucjonalizacji, poniewa\u017c pozwala na integracj\u0119 cel\u00f3w spo\u0142ecznych, ekonomicznych i ekologicznych, kt\u00f3re maj\u0105 bezpo\u015bredni wp\u0142yw na jako\u015b\u0107 \u017cycia mieszka\u0144c\u00f3w.<\/p><p>Polityki miejskie, b\u0119d\u0105ce kluczowym elementem zr\u00f3wnowa\u017conego rozwoju, obejmuj\u0105 dzia\u0142ania na rzecz ochrony \u015brodowiska, zarz\u0105dzania transportem oraz planowania przestrzennego. Strategiczne podej\u015bcie w tym zakresie umo\u017cliwia samorz\u0105dom podejmowanie przemy\u015blanych decyzji, kt\u00f3re odpowiadaj\u0105 na potrzeby obecnych i przysz\u0142ych pokole\u0144, wspieraj\u0105 zdrowy rozw\u00f3j miast oraz promuj\u0105 przyjazne \u015brodowisko miejskie. Skuteczna realizacja polityk miejskich wymaga d\u0142ugoterminowego my\u015blenia oraz systematycznej oceny i dostosowywania dzia\u0142a\u0144 do zmieniaj\u0105cych si\u0119 warunk\u00f3w i oczekiwa\u0144 spo\u0142ecznych.<\/p><p>Deinstytucjonalizacja natomiast stanowi strategiczny cel polityki spo\u0142ecznej, kt\u00f3ry zak\u0142ada przeniesienie wsparcia z instytucji do lokalnych struktur, umo\u017cliwiaj\u0105c osobom z niepe\u0142nosprawno\u015bciami i innym grupom wsparcie bli\u017csze ich \u015brodowisku. Wymaga to zarz\u0105dzania opartego na warto\u015bciach spo\u0142ecznych, w kt\u00f3rym lokalne jednostki administracyjne pe\u0142ni\u0105 kluczow\u0105 rol\u0119 w koordynacji dzia\u0142a\u0144 oraz anga\u017cowaniu spo\u0142eczno\u015bci i organizacji pozarz\u0105dowych w procesie tworzenia lokalnych system\u00f3w wsparcia. Realizacja tego procesu w spos\u00f3b zr\u00f3wnowa\u017cony wymaga jasnej strategii i dostosowania zasob\u00f3w do potrzeb spo\u0142eczno\u015bci.<\/p><p>Panel b\u0119dzie okazj\u0105 do om\u00f3wienia, jak zarz\u0105dzanie strategiczne wspiera wdra\u017canie polityk miejskich i deinstytucjonalizacji w jednostkach samorz\u0105dowych, oraz przedstawienia przyk\u0142ad\u00f3w skutecznych dzia\u0142a\u0144. Eksperci zaprezentuj\u0105, jak \u015bwiadome i d\u0142ugoterminowe planowanie pomaga w realizacji polityk publicznych, kt\u00f3re odpowiadaj\u0105 na wsp\u00f3\u0142czesne potrzeby spo\u0142eczno\u015bci lokalnych, zwi\u0119kszaj\u0105 jako\u015b\u0107 \u017cycia mieszka\u0144c\u00f3w i wspieraj\u0105 zr\u00f3wnowa\u017cony rozw\u00f3j.<\/p><p>Debata odb\u0119dzie si\u0119 w formie dyskusji moderowanej z kr\u00f3tkimi, rotacyjnymi wyst\u0105pieniami, kt\u00f3re zapewni\u0105 wybitnym naukowcom i praktykom mo\u017cliwo\u015b\u0107 przedstawienia swoich pogl\u0105d\u00f3w, do\u015bwiadcze\u0144 i rekomendacji. Celem debaty jest ukazanie, w jaki spos\u00f3b zarz\u0105dzanie strategiczne w samorz\u0105dzie mo\u017ce wp\u0142ywa\u0107 na efektywno\u015b\u0107 polityk miejskich i deinstytucjonalizacji oraz om\u00f3wienie g\u0142\u00f3wnych wyzwa\u0144 i mo\u017cliwo\u015bci w tym zakresie.<\/p>\t\t\t\t\t\t\t\t<\/div>\n\t\t\t\t<\/div>\n\t\t\t\t\t<\/div>\n\t\t\t\t<\/div>\n\t\t\t\t<\/div>\n\t\t","protected":false},"excerpt":{"rendered":"<p>Panel III Polityki publiczne w administracji Panel \u201ePolityki publiczne w administracji\u201d b\u0119dzie osadzony w kontek\u015bcie teorii zarz\u0105dzania w samorz\u0105dzie, ze szczeg\u00f3lnym uwzgl\u0119dnieniem roli zarz\u0105dzania strategicznego jako fundamentu polityk publicznych. Zarz\u0105dzanie strategiczne w samorz\u0105dzie jest kluczowym procesem, kt\u00f3ry pozwala jednostkom administracji lokalnej na skuteczne i d\u0142ugofalowe planowanie rozwoju spo\u0142eczno\u015bci oraz odpowiadanie na wyzwania, jakie stawia dynamicznie zmieniaj\u0105ce si\u0119 otoczenie spo\u0142eczne, ekonomiczne i \u015brodowiskowe. Efektywne zarz\u0105dzanie strategiczne opiera si\u0119 na okre\u015blaniu priorytet\u00f3w, wytyczaniu konkretnych cel\u00f3w oraz wdra\u017caniu polityk, kt\u00f3re przyczyniaj\u0105 si\u0119 do realizacji d\u0142ugoterminowej wizji rozwoju. W samorz\u0105dach lokalnych proces ten ma szczeg\u00f3lne znaczenie dla kszta\u0142towania polityk publicznych, takich jak polityki miejskie oraz procesy deinstytucjonalizacji, poniewa\u017c pozwala na integracj\u0119 cel\u00f3w spo\u0142ecznych, ekonomicznych i ekologicznych, kt\u00f3re maj\u0105 bezpo\u015bredni wp\u0142yw na jako\u015b\u0107 \u017cycia mieszka\u0144c\u00f3w. Polityki miejskie, b\u0119d\u0105ce kluczowym elementem zr\u00f3wnowa\u017conego rozwoju, obejmuj\u0105 dzia\u0142ania na rzecz ochrony \u015brodowiska, zarz\u0105dzania transportem oraz planowania przestrzennego. Strategiczne podej\u015bcie w tym zakresie umo\u017cliwia samorz\u0105dom podejmowanie przemy\u015blanych decyzji, kt\u00f3re odpowiadaj\u0105 na potrzeby obecnych i przysz\u0142ych pokole\u0144, wspieraj\u0105 zdrowy rozw\u00f3j miast oraz promuj\u0105 przyjazne \u015brodowisko miejskie. Skuteczna realizacja polityk miejskich wymaga d\u0142ugoterminowego my\u015blenia oraz systematycznej oceny i dostosowywania dzia\u0142a\u0144 do zmieniaj\u0105cych si\u0119 warunk\u00f3w i oczekiwa\u0144 spo\u0142ecznych. Deinstytucjonalizacja natomiast stanowi strategiczny cel polityki spo\u0142ecznej, kt\u00f3ry zak\u0142ada przeniesienie wsparcia z instytucji do lokalnych struktur, umo\u017cliwiaj\u0105c osobom z niepe\u0142nosprawno\u015bciami i innym grupom wsparcie bli\u017csze ich \u015brodowisku. Wymaga to zarz\u0105dzania opartego na warto\u015bciach spo\u0142ecznych, w kt\u00f3rym lokalne jednostki administracyjne pe\u0142ni\u0105 kluczow\u0105 rol\u0119 w koordynacji dzia\u0142a\u0144 oraz anga\u017cowaniu spo\u0142eczno\u015bci i organizacji pozarz\u0105dowych w procesie tworzenia lokalnych system\u00f3w wsparcia. Realizacja tego procesu w spos\u00f3b zr\u00f3wnowa\u017cony wymaga jasnej strategii i dostosowania zasob\u00f3w do potrzeb spo\u0142eczno\u015bci. Panel b\u0119dzie okazj\u0105 do om\u00f3wienia, jak zarz\u0105dzanie strategiczne wspiera wdra\u017canie polityk miejskich i deinstytucjonalizacji w jednostkach samorz\u0105dowych, oraz przedstawienia przyk\u0142ad\u00f3w skutecznych dzia\u0142a\u0144. Eksperci zaprezentuj\u0105, jak \u015bwiadome i d\u0142ugoterminowe planowanie pomaga w realizacji polityk publicznych, kt\u00f3re odpowiadaj\u0105 na wsp\u00f3\u0142czesne potrzeby spo\u0142eczno\u015bci lokalnych, zwi\u0119kszaj\u0105 jako\u015b\u0107 \u017cycia mieszka\u0144c\u00f3w i wspieraj\u0105 zr\u00f3wnowa\u017cony rozw\u00f3j. Debata odb\u0119dzie si\u0119 w formie dyskusji moderowanej z kr\u00f3tkimi, rotacyjnymi wyst\u0105pieniami, kt\u00f3re zapewni\u0105 wybitnym naukowcom i praktykom mo\u017cliwo\u015b\u0107 przedstawienia swoich pogl\u0105d\u00f3w, do\u015bwiadcze\u0144 i rekomendacji. Celem debaty jest ukazanie, w jaki spos\u00f3b zarz\u0105dzanie strategiczne w samorz\u0105dzie mo\u017ce wp\u0142ywa\u0107 na efektywno\u015b\u0107 polityk miejskich i deinstytucjonalizacji oraz om\u00f3wienie g\u0142\u00f3wnych wyzwa\u0144 i mo\u017cliwo\u015bci w tym zakresie.<\/p>\n","protected":false},"author":1,"featured_media":0,"parent":711,"menu_order":0,"comment_status":"closed","ping_status":"closed","template":"","meta":{"ocean_post_layout":"","ocean_both_sidebars_style":"","ocean_both_sidebars_content_width":0,"ocean_both_sidebars_sidebars_width":0,"ocean_sidebar":"","ocean_second_sidebar":"","ocean_disable_margins":"enable","ocean_add_body_class":"","ocean_shortcode_before_top_bar":"","ocean_shortcode_after_top_bar":"","ocean_shortcode_before_header":"","ocean_shortcode_after_header":"","ocean_has_shortcode":"","ocean_shortcode_after_title":"","ocean_shortcode_before_footer_widgets":"","ocean_shortcode_after_footer_widgets":"","ocean_shortcode_before_footer_bottom":"","ocean_shortcode_after_footer_bottom":"","ocean_display_top_bar":"default","ocean_display_header":"default","ocean_header_style":"","ocean_center_header_left_menu":"","ocean_custom_header_template":"","ocean_custom_logo":0,"ocean_custom_retina_logo":0,"ocean_custom_logo_max_width":0,"ocean_custom_logo_tablet_max_width":0,"ocean_custom_logo_mobile_max_width":0,"ocean_custom_logo_max_height":0,"ocean_custom_logo_tablet_max_height":0,"ocean_custom_logo_mobile_max_height":0,"ocean_header_custom_menu":"","ocean_menu_typo_font_family":"","ocean_menu_typo_font_subset":"","ocean_menu_typo_font_size":0,"ocean_menu_typo_font_size_tablet":0,"ocean_menu_typo_font_size_mobile":0,"ocean_menu_typo_font_size_unit":"px","ocean_menu_typo_font_weight":"","ocean_menu_typo_font_weight_tablet":"","ocean_menu_typo_font_weight_mobile":"","ocean_menu_typo_transform":"","ocean_menu_typo_transform_tablet":"","ocean_menu_typo_transform_mobile":"","ocean_menu_typo_line_height":0,"ocean_menu_typo_line_height_tablet":0,"ocean_menu_typo_line_height_mobile":0,"ocean_menu_typo_line_height_unit":"","ocean_menu_typo_spacing":0,"ocean_menu_typo_spacing_tablet":0,"ocean_menu_typo_spacing_mobile":0,"ocean_menu_typo_spacing_unit":"","ocean_menu_link_color":"","ocean_menu_link_color_hover":"","ocean_menu_link_color_active":"","ocean_menu_link_background":"","ocean_menu_link_hover_background":"","ocean_menu_link_active_background":"","ocean_menu_social_links_bg":"","ocean_menu_social_hover_links_bg":"","ocean_menu_social_links_color":"","ocean_menu_social_hover_links_color":"","ocean_disable_title":"default","ocean_disable_heading":"default","ocean_post_title":"","ocean_post_subheading":"","ocean_post_title_style":"","ocean_post_title_background_color":"","ocean_post_title_background":0,"ocean_post_title_bg_image_position":"","ocean_post_title_bg_image_attachment":"","ocean_post_title_bg_image_repeat":"","ocean_post_title_bg_image_size":"","ocean_post_title_height":0,"ocean_post_title_bg_overlay":0.5,"ocean_post_title_bg_overlay_color":"","ocean_disable_breadcrumbs":"default","ocean_breadcrumbs_color":"","ocean_breadcrumbs_separator_color":"","ocean_breadcrumbs_links_color":"","ocean_breadcrumbs_links_hover_color":"","ocean_display_footer_widgets":"default","ocean_display_footer_bottom":"default","ocean_custom_footer_template":"","footnotes":""},"class_list":["post-743","page","type-page","status-publish","hentry","entry"],"_links":{"self":[{"href":"https:\/\/www.starogardgdanski.eu\/2025\/wp-json\/wp\/v2\/pages\/743","targetHints":{"allow":["GET"]}}],"collection":[{"href":"https:\/\/www.starogardgdanski.eu\/2025\/wp-json\/wp\/v2\/pages"}],"about":[{"href":"https:\/\/www.starogardgdanski.eu\/2025\/wp-json\/wp\/v2\/types\/page"}],"author":[{"embeddable":true,"href":"https:\/\/www.starogardgdanski.eu\/2025\/wp-json\/wp\/v2\/users\/1"}],"replies":[{"embeddable":true,"href":"https:\/\/www.starogardgdanski.eu\/2025\/wp-json\/wp\/v2\/comments?post=743"}],"version-history":[{"count":11,"href":"https:\/\/www.starogardgdanski.eu\/2025\/wp-json\/wp\/v2\/pages\/743\/revisions"}],"predecessor-version":[{"id":1959,"href":"https:\/\/www.starogardgdanski.eu\/2025\/wp-json\/wp\/v2\/pages\/743\/revisions\/1959"}],"up":[{"embeddable":true,"href":"https:\/\/www.starogardgdanski.eu\/2025\/wp-json\/wp\/v2\/pages\/711"}],"wp:attachment":[{"href":"https:\/\/www.starogardgdanski.eu\/2025\/wp-json\/wp\/v2\/media?parent=743"}],"curies":[{"name":"wp","href":"https:\/\/api.w.org\/{rel}","templated":true}]}}