{"id":718,"date":"2024-11-29T21:46:42","date_gmt":"2024-11-29T21:46:42","guid":{"rendered":"http:\/\/www.starogardgdanski.eu\/2025\/?page_id=718"},"modified":"2024-12-08T17:51:00","modified_gmt":"2024-12-08T17:51:00","slug":"panel-i-administracja-wobec-wyzwan-wspolczesnosci","status":"publish","type":"page","link":"https:\/\/www.starogardgdanski.eu\/2025\/zakresy-tematyczne-paneli\/panel-i-administracja-wobec-wyzwan-wspolczesnosci\/","title":{"rendered":"Panel I Administracja wobec wyzwa\u0144 wsp\u00f3\u0142czesno\u015bci"},"content":{"rendered":"\t\t<div data-elementor-type=\"wp-page\" data-elementor-id=\"718\" class=\"elementor elementor-718\">\n\t\t\t\t<div class=\"elementor-element elementor-element-4d2e1a50 e-flex e-con-boxed wpr-particle-no wpr-jarallax-no wpr-parallax-no wpr-sticky-section-no e-con e-parent\" data-id=\"4d2e1a50\" data-element_type=\"container\" data-settings=\"{&quot;background_background&quot;:&quot;classic&quot;}\">\n\t\t\t\t\t<div class=\"e-con-inner\">\n\t\t\t\t<div class=\"elementor-element elementor-element-2eb91f83 elementor-widget elementor-widget-text-editor\" data-id=\"2eb91f83\" data-element_type=\"widget\" data-widget_type=\"text-editor.default\">\n\t\t\t\t<div class=\"elementor-widget-container\">\n\t\t\t\t\t\t\t\t\t<h1>Panel I Administracja wobec wyzwa\u0144 wsp\u00f3\u0142czesno\u015bci<\/h1><p>Prawo do dobrej administracji, pozycja ustrojowa organ\u00f3w administracji publicznej w Konstytucji RP &#8211; kierunki zmian, zastosowanie nowych technologii informacyjno-komunikacyjnych (ICT) w rz\u0105dzeniu i zarz\u0105dzaniu administracj\u0105 publiczn\u0105, doskonalenie procedur administracyjnych jako wyzwanie dla administracji, modele administracji publicznej, administracja Unii Europejskiej, rozliczalno\u015b\u0107 administracji publicznej, kierunki reformowania i dekonstrukcji administracji publicznej, big data i sztuczna inteligencja w rozwoju administracji \u2013 wybrane aspekty prawno \u2013administracyjne<\/p><p><span style=\"font-size: 14px; text-align: var(--text-align);\">Pierwszy panel konferencji \u201eZarz\u0105dzanie w administracji. Teoria i Praktyka\u201d w Pomorskiej Szkole Wy\u017cszej, zatytu\u0142owany \u201eAdministracja wobec wyzwa\u0144 wsp\u00f3\u0142czesno\u015bci,\u201d otwiera pog\u0142\u0119bion\u0105 dyskusj\u0119 na temat kluczowych zmian, kt\u00f3re kszta\u0142tuj\u0105 wsp\u00f3\u0142czesn\u0105 administracj\u0119 publiczn\u0105. Panel skupi si\u0119 na aktualnych wyzwaniach i tendencjach zwi\u0105zanych z konstytucyjn\u0105 pozycj\u0105 organ\u00f3w administracji, implementacj\u0105 nowoczesnych technologii informacyjno-komunikacyjnych (ICT), doskonaleniem procedur administracyjnych oraz na roli nowych narz\u0119dzi takich jak big data i sztuczna inteligencja.<\/span><\/p><p>Eksperci om\u00f3wi\u0105 prawo do dobrej administracji jako fundament relacji obywatel-pa\u0144stwo, analizuj\u0105c zasady rozliczalno\u015bci i przejrzysto\u015bci dzia\u0142a\u0144 organ\u00f3w publicznych, kt\u00f3re zyskuj\u0105 nowe znaczenie w kontek\u015bcie zmieniaj\u0105cych si\u0119 oczekiwa\u0144 spo\u0142ecznych oraz wzrastaj\u0105cej z\u0142o\u017cono\u015bci system\u00f3w zarz\u0105dzania publicznego. Dyskusje obejm\u0105 tak\u017ce mo\u017cliwo\u015bci reformowania struktur administracji, co mo\u017ce oznacza\u0107 zar\u00f3wno ich rozw\u00f3j, jak i potencjaln\u0105 dekonstrukcj\u0119 w celu zwi\u0119kszenia efektywno\u015bci i responsywno\u015bci na potrzeby obywateli.<\/p><p>Z perspektywy technologicznej panel zg\u0142\u0119bi wp\u0142yw ICT oraz narz\u0119dzi takich jak big data i sztuczna inteligencja, kt\u00f3re coraz cz\u0119\u015bciej wspieraj\u0105 podejmowanie decyzji, analiz\u0119 danych oraz optymalizacj\u0119 proces\u00f3w administracyjnych. Przedstawione zostan\u0105 modele stosowania zaawansowanych technologii w zarz\u0105dzaniu na szczeblu krajowym i unijnym, co pozwoli na wymian\u0119 do\u015bwiadcze\u0144 oraz refleksj\u0119 nad wybranymi aspektami prawnymi zwi\u0105zanymi z cyfryzacj\u0105 sektora publicznego.<\/p><p>Panel stanowi\u0107 b\u0119dzie inspiruj\u0105ce forum wymiany wiedzy i do\u015bwiadcze\u0144, pozwalaj\u0105ce uczestnikom na zrozumienie nowych kierunk\u00f3w reform w administracji publicznej oraz na identyfikacj\u0119 najlepszych praktyk dostosowanych do wyzwa\u0144 wsp\u00f3\u0142czesno\u015bci.<\/p>\t\t\t\t\t\t\t\t<\/div>\n\t\t\t\t<\/div>\n\t\t\t\t\t<\/div>\n\t\t\t\t<\/div>\n\t\t\t\t<\/div>\n\t\t","protected":false},"excerpt":{"rendered":"<p>Panel I Administracja wobec wyzwa\u0144 wsp\u00f3\u0142czesno\u015bci Prawo do dobrej administracji, pozycja ustrojowa organ\u00f3w administracji publicznej w Konstytucji RP &#8211; kierunki zmian, zastosowanie nowych technologii informacyjno-komunikacyjnych (ICT) w rz\u0105dzeniu i zarz\u0105dzaniu administracj\u0105 publiczn\u0105, doskonalenie procedur administracyjnych jako wyzwanie dla administracji, modele administracji publicznej, administracja Unii Europejskiej, rozliczalno\u015b\u0107 administracji publicznej, kierunki reformowania i dekonstrukcji administracji publicznej, big data i sztuczna inteligencja w rozwoju administracji \u2013 wybrane aspekty prawno \u2013administracyjne Pierwszy panel konferencji \u201eZarz\u0105dzanie w administracji. Teoria i Praktyka\u201d w Pomorskiej Szkole Wy\u017cszej, zatytu\u0142owany \u201eAdministracja wobec wyzwa\u0144 wsp\u00f3\u0142czesno\u015bci,\u201d otwiera pog\u0142\u0119bion\u0105 dyskusj\u0119 na temat kluczowych zmian, kt\u00f3re kszta\u0142tuj\u0105 wsp\u00f3\u0142czesn\u0105 administracj\u0119 publiczn\u0105. Panel skupi si\u0119 na aktualnych wyzwaniach i tendencjach zwi\u0105zanych z konstytucyjn\u0105 pozycj\u0105 organ\u00f3w administracji, implementacj\u0105 nowoczesnych technologii informacyjno-komunikacyjnych (ICT), doskonaleniem procedur administracyjnych oraz na roli nowych narz\u0119dzi takich jak big data i sztuczna inteligencja. Eksperci om\u00f3wi\u0105 prawo do dobrej administracji jako fundament relacji obywatel-pa\u0144stwo, analizuj\u0105c zasady rozliczalno\u015bci i przejrzysto\u015bci dzia\u0142a\u0144 organ\u00f3w publicznych, kt\u00f3re zyskuj\u0105 nowe znaczenie w kontek\u015bcie zmieniaj\u0105cych si\u0119 oczekiwa\u0144 spo\u0142ecznych oraz wzrastaj\u0105cej z\u0142o\u017cono\u015bci system\u00f3w zarz\u0105dzania publicznego. Dyskusje obejm\u0105 tak\u017ce mo\u017cliwo\u015bci reformowania struktur administracji, co mo\u017ce oznacza\u0107 zar\u00f3wno ich rozw\u00f3j, jak i potencjaln\u0105 dekonstrukcj\u0119 w celu zwi\u0119kszenia efektywno\u015bci i responsywno\u015bci na potrzeby obywateli. Z perspektywy technologicznej panel zg\u0142\u0119bi wp\u0142yw ICT oraz narz\u0119dzi takich jak big data i sztuczna inteligencja, kt\u00f3re coraz cz\u0119\u015bciej wspieraj\u0105 podejmowanie decyzji, analiz\u0119 danych oraz optymalizacj\u0119 proces\u00f3w administracyjnych. Przedstawione zostan\u0105 modele stosowania zaawansowanych technologii w zarz\u0105dzaniu na szczeblu krajowym i unijnym, co pozwoli na wymian\u0119 do\u015bwiadcze\u0144 oraz refleksj\u0119 nad wybranymi aspektami prawnymi zwi\u0105zanymi z cyfryzacj\u0105 sektora publicznego. Panel stanowi\u0107 b\u0119dzie inspiruj\u0105ce forum wymiany wiedzy i do\u015bwiadcze\u0144, pozwalaj\u0105ce uczestnikom na zrozumienie nowych kierunk\u00f3w reform w administracji publicznej oraz na identyfikacj\u0119 najlepszych praktyk dostosowanych do wyzwa\u0144 wsp\u00f3\u0142czesno\u015bci.<\/p>\n","protected":false},"author":1,"featured_media":0,"parent":711,"menu_order":0,"comment_status":"closed","ping_status":"closed","template":"","meta":{"ocean_post_layout":"","ocean_both_sidebars_style":"","ocean_both_sidebars_content_width":0,"ocean_both_sidebars_sidebars_width":0,"ocean_sidebar":"","ocean_second_sidebar":"","ocean_disable_margins":"enable","ocean_add_body_class":"","ocean_shortcode_before_top_bar":"","ocean_shortcode_after_top_bar":"","ocean_shortcode_before_header":"","ocean_shortcode_after_header":"","ocean_has_shortcode":"","ocean_shortcode_after_title":"","ocean_shortcode_before_footer_widgets":"","ocean_shortcode_after_footer_widgets":"","ocean_shortcode_before_footer_bottom":"","ocean_shortcode_after_footer_bottom":"","ocean_display_top_bar":"default","ocean_display_header":"default","ocean_header_style":"","ocean_center_header_left_menu":"","ocean_custom_header_template":"","ocean_custom_logo":0,"ocean_custom_retina_logo":0,"ocean_custom_logo_max_width":0,"ocean_custom_logo_tablet_max_width":0,"ocean_custom_logo_mobile_max_width":0,"ocean_custom_logo_max_height":0,"ocean_custom_logo_tablet_max_height":0,"ocean_custom_logo_mobile_max_height":0,"ocean_header_custom_menu":"","ocean_menu_typo_font_family":"","ocean_menu_typo_font_subset":"","ocean_menu_typo_font_size":0,"ocean_menu_typo_font_size_tablet":0,"ocean_menu_typo_font_size_mobile":0,"ocean_menu_typo_font_size_unit":"px","ocean_menu_typo_font_weight":"","ocean_menu_typo_font_weight_tablet":"","ocean_menu_typo_font_weight_mobile":"","ocean_menu_typo_transform":"","ocean_menu_typo_transform_tablet":"","ocean_menu_typo_transform_mobile":"","ocean_menu_typo_line_height":0,"ocean_menu_typo_line_height_tablet":0,"ocean_menu_typo_line_height_mobile":0,"ocean_menu_typo_line_height_unit":"","ocean_menu_typo_spacing":0,"ocean_menu_typo_spacing_tablet":0,"ocean_menu_typo_spacing_mobile":0,"ocean_menu_typo_spacing_unit":"","ocean_menu_link_color":"","ocean_menu_link_color_hover":"","ocean_menu_link_color_active":"","ocean_menu_link_background":"","ocean_menu_link_hover_background":"","ocean_menu_link_active_background":"","ocean_menu_social_links_bg":"","ocean_menu_social_hover_links_bg":"","ocean_menu_social_links_color":"","ocean_menu_social_hover_links_color":"","ocean_disable_title":"default","ocean_disable_heading":"default","ocean_post_title":"","ocean_post_subheading":"","ocean_post_title_style":"","ocean_post_title_background_color":"","ocean_post_title_background":0,"ocean_post_title_bg_image_position":"","ocean_post_title_bg_image_attachment":"","ocean_post_title_bg_image_repeat":"","ocean_post_title_bg_image_size":"","ocean_post_title_height":0,"ocean_post_title_bg_overlay":0.5,"ocean_post_title_bg_overlay_color":"","ocean_disable_breadcrumbs":"default","ocean_breadcrumbs_color":"","ocean_breadcrumbs_separator_color":"","ocean_breadcrumbs_links_color":"","ocean_breadcrumbs_links_hover_color":"","ocean_display_footer_widgets":"default","ocean_display_footer_bottom":"default","ocean_custom_footer_template":"","footnotes":""},"class_list":["post-718","page","type-page","status-publish","hentry","entry"],"_links":{"self":[{"href":"https:\/\/www.starogardgdanski.eu\/2025\/wp-json\/wp\/v2\/pages\/718","targetHints":{"allow":["GET"]}}],"collection":[{"href":"https:\/\/www.starogardgdanski.eu\/2025\/wp-json\/wp\/v2\/pages"}],"about":[{"href":"https:\/\/www.starogardgdanski.eu\/2025\/wp-json\/wp\/v2\/types\/page"}],"author":[{"embeddable":true,"href":"https:\/\/www.starogardgdanski.eu\/2025\/wp-json\/wp\/v2\/users\/1"}],"replies":[{"embeddable":true,"href":"https:\/\/www.starogardgdanski.eu\/2025\/wp-json\/wp\/v2\/comments?post=718"}],"version-history":[{"count":14,"href":"https:\/\/www.starogardgdanski.eu\/2025\/wp-json\/wp\/v2\/pages\/718\/revisions"}],"predecessor-version":[{"id":1953,"href":"https:\/\/www.starogardgdanski.eu\/2025\/wp-json\/wp\/v2\/pages\/718\/revisions\/1953"}],"up":[{"embeddable":true,"href":"https:\/\/www.starogardgdanski.eu\/2025\/wp-json\/wp\/v2\/pages\/711"}],"wp:attachment":[{"href":"https:\/\/www.starogardgdanski.eu\/2025\/wp-json\/wp\/v2\/media?parent=718"}],"curies":[{"name":"wp","href":"https:\/\/api.w.org\/{rel}","templated":true}]}}