{"id":711,"date":"2024-11-29T21:39:30","date_gmt":"2024-11-29T21:39:30","guid":{"rendered":"http:\/\/www.starogardgdanski.eu\/2025\/?page_id=711"},"modified":"2025-01-25T10:55:10","modified_gmt":"2025-01-25T10:55:10","slug":"zakresy-tematyczne-paneli","status":"publish","type":"page","link":"https:\/\/www.starogardgdanski.eu\/2025\/zakresy-tematyczne-paneli\/","title":{"rendered":"Zakresy tematyczne paneli"},"content":{"rendered":"\t\t<div data-elementor-type=\"wp-page\" data-elementor-id=\"711\" class=\"elementor elementor-711\">\n\t\t\t\t<div class=\"elementor-element elementor-element-43e81afa e-flex e-con-boxed wpr-particle-no wpr-jarallax-no wpr-parallax-no wpr-sticky-section-no e-con e-parent\" data-id=\"43e81afa\" data-element_type=\"container\" data-settings=\"{&quot;background_background&quot;:&quot;classic&quot;}\">\n\t\t\t\t\t<div class=\"e-con-inner\">\n\t\t\t\t<div class=\"elementor-element elementor-element-44b6575e elementor-widget elementor-widget-text-editor\" data-id=\"44b6575e\" data-element_type=\"widget\" data-widget_type=\"text-editor.default\">\n\t\t\t\t<div class=\"elementor-widget-container\">\n\t\t\t\t\t\t\t\t\t\n<div class=\"wp-block-media-text alignwide has-media-on-the-right is-stacked-on-mobile is-vertically-aligned-center is-image-fill-element\" style=\"grid-template-columns:auto 41%\"><div class=\"wp-block-media-text__content\">\n<div class=\"wp-block-group\" style=\"padding-top:2em;padding-right:2em;padding-bottom:2em;padding-left:2em\"><div class=\"wp-block-group__inner-container is-layout-flow wp-block-group-is-layout-flow\">\n<p class=\"has-extra-small-font-size\">Konferencja naukowa \u201eZarz\u0105dzanie w administracji. Teoria i Praktyka,\u201d organizowana przez Pomorsk\u0105 Szko\u0142\u0119 Wy\u017csz\u0105, stanowi wyj\u0105tkowe forum wymiany wiedzy i do\u015bwiadcze\u0144 pomi\u0119dzy teoretykami oraz praktykami z obszaru zarz\u0105dzania w sektorze publicznym. Celem wydarzenia jest kompleksowe zg\u0142\u0119bienie wyzwa\u0144 i nowych trend\u00f3w w zarz\u0105dzaniu administracj\u0105 publiczn\u0105, zw\u0142aszcza w kontek\u015bcie dynamicznie zmieniaj\u0105cego si\u0119 otoczenia spo\u0142eczno-gospodarczego i technologicznego.<\/p>\n\n\n\n<p>Podczas konferencji om\u00f3wone zostan\u0105 zar\u00f3wno podstawy teoretyczne zarz\u0105dzania w administracji, jak i praktyczne aspekty wdra\u017cania nowoczesnych metod i narz\u0119dzi zarz\u0105dczych. W\u015br\u00f3d kluczowych temat\u00f3w znajd\u0105 si\u0119 m.in. nowe technologie wspieraj\u0105ce efektywno\u015b\u0107 administracji publicznej, zarz\u0105dzanie jako\u015bci\u0105 us\u0142ug publicznych, a tak\u017ce zagadnienia zwi\u0105zane z przyw\u00f3dztwem i rozwijaniem kapita\u0142u ludzkiego w jednostkach administracyjnych.<\/p>\n\n\n\n<p>W konferencji wezm\u0105 udzia\u0142 eksperci z uczelni, przedstawiciele administracji pa\u0144stwowej i samorz\u0105dowej, a tak\u017ce specjali\u015bci-praktycy, kt\u00f3rzy podziel\u0105 si\u0119 swoimi do\u015bwiadczeniami z wdra\u017cania nowoczesnych rozwi\u0105za\u0144 zarz\u0105dczych. To wydarzenie stwarza doskona\u0142\u0105 okazj\u0119 do dyskusji na temat aktualnych problem\u00f3w i kierunk\u00f3w rozwoju administracji publicznej w Polsce, pozwalaj\u0105c na inspiruj\u0105c\u0105 wymian\u0119 wiedzy oraz pog\u0142\u0119bienie relacji mi\u0119dzy nauk\u0105 a praktyk\u0105.<\/p>\n\n\n\n<p class=\"has-extra-small-font-size\">Uczestnicy konferencji zyskaj\u0105 nie tylko now\u0105 wiedz\u0119, lecz tak\u017ce narz\u0119dzia do efektywnego zarz\u0105dzania i doskonalenia proces\u00f3w administracyjnych, co stanowi istotny krok w kierunku usprawnienia funkcjonowania instytucji publicznych.<\/p>\n<\/div><\/div>\n<\/div><figure class=\"wp-block-media-text__media\"><img fetchpriority=\"high\" decoding=\"async\" width=\"1024\" height=\"576\" src=\"http:\/\/www.starogardgdanski.eu\/2025\/wp-content\/uploads\/2024\/11\/baner-1024x576.jpg\" alt=\"\" class=\"wp-image-693 size-full\" style=\"object-position:11% 64%\" srcset=\"https:\/\/www.starogardgdanski.eu\/2025\/wp-content\/uploads\/2024\/11\/baner-1024x576.jpg 1024w, https:\/\/www.starogardgdanski.eu\/2025\/wp-content\/uploads\/2024\/11\/baner-300x169.jpg 300w, https:\/\/www.starogardgdanski.eu\/2025\/wp-content\/uploads\/2024\/11\/baner-768x432.jpg 768w, https:\/\/www.starogardgdanski.eu\/2025\/wp-content\/uploads\/2024\/11\/baner-1536x864.jpg 1536w, https:\/\/www.starogardgdanski.eu\/2025\/wp-content\/uploads\/2024\/11\/baner-800x450.jpg 800w, https:\/\/www.starogardgdanski.eu\/2025\/wp-content\/uploads\/2024\/11\/baner.jpg 2000w\" sizes=\"(max-width: 1024px) 100vw, 1024px\" \/><\/figure><\/div>\n\t\t\t\t\t\t\t\t<\/div>\n\t\t\t\t<\/div>\n\t\t\t\t\t<\/div>\n\t\t\t\t<\/div>\n\t\t\t\t<\/div>\n\t\t","protected":false},"excerpt":{"rendered":"","protected":false},"author":1,"featured_media":0,"parent":0,"menu_order":0,"comment_status":"closed","ping_status":"closed","template":"","meta":{"ocean_post_layout":"","ocean_both_sidebars_style":"","ocean_both_sidebars_content_width":0,"ocean_both_sidebars_sidebars_width":0,"ocean_sidebar":"","ocean_second_sidebar":"","ocean_disable_margins":"enable","ocean_add_body_class":"","ocean_shortcode_before_top_bar":"","ocean_shortcode_after_top_bar":"","ocean_shortcode_before_header":"","ocean_shortcode_after_header":"","ocean_has_shortcode":"","ocean_shortcode_after_title":"","ocean_shortcode_before_footer_widgets":"","ocean_shortcode_after_footer_widgets":"","ocean_shortcode_before_footer_bottom":"","ocean_shortcode_after_footer_bottom":"","ocean_display_top_bar":"default","ocean_display_header":"default","ocean_header_style":"","ocean_center_header_left_menu":"","ocean_custom_header_template":"","ocean_custom_logo":0,"ocean_custom_retina_logo":0,"ocean_custom_logo_max_width":0,"ocean_custom_logo_tablet_max_width":0,"ocean_custom_logo_mobile_max_width":0,"ocean_custom_logo_max_height":0,"ocean_custom_logo_tablet_max_height":0,"ocean_custom_logo_mobile_max_height":0,"ocean_header_custom_menu":"","ocean_menu_typo_font_family":"","ocean_menu_typo_font_subset":"","ocean_menu_typo_font_size":0,"ocean_menu_typo_font_size_tablet":0,"ocean_menu_typo_font_size_mobile":0,"ocean_menu_typo_font_size_unit":"px","ocean_menu_typo_font_weight":"","ocean_menu_typo_font_weight_tablet":"","ocean_menu_typo_font_weight_mobile":"","ocean_menu_typo_transform":"","ocean_menu_typo_transform_tablet":"","ocean_menu_typo_transform_mobile":"","ocean_menu_typo_line_height":0,"ocean_menu_typo_line_height_tablet":0,"ocean_menu_typo_line_height_mobile":0,"ocean_menu_typo_line_height_unit":"","ocean_menu_typo_spacing":0,"ocean_menu_typo_spacing_tablet":0,"ocean_menu_typo_spacing_mobile":0,"ocean_menu_typo_spacing_unit":"","ocean_menu_link_color":"","ocean_menu_link_color_hover":"","ocean_menu_link_color_active":"","ocean_menu_link_background":"","ocean_menu_link_hover_background":"","ocean_menu_link_active_background":"","ocean_menu_social_links_bg":"","ocean_menu_social_hover_links_bg":"","ocean_menu_social_links_color":"","ocean_menu_social_hover_links_color":"","ocean_disable_title":"default","ocean_disable_heading":"default","ocean_post_title":"","ocean_post_subheading":"","ocean_post_title_style":"","ocean_post_title_background_color":"","ocean_post_title_background":0,"ocean_post_title_bg_image_position":"","ocean_post_title_bg_image_attachment":"","ocean_post_title_bg_image_repeat":"","ocean_post_title_bg_image_size":"","ocean_post_title_height":0,"ocean_post_title_bg_overlay":0.5,"ocean_post_title_bg_overlay_color":"","ocean_disable_breadcrumbs":"default","ocean_breadcrumbs_color":"","ocean_breadcrumbs_separator_color":"","ocean_breadcrumbs_links_color":"","ocean_breadcrumbs_links_hover_color":"","ocean_display_footer_widgets":"default","ocean_display_footer_bottom":"default","ocean_custom_footer_template":"","footnotes":""},"class_list":["post-711","page","type-page","status-publish","hentry","entry"],"_links":{"self":[{"href":"https:\/\/www.starogardgdanski.eu\/2025\/wp-json\/wp\/v2\/pages\/711","targetHints":{"allow":["GET"]}}],"collection":[{"href":"https:\/\/www.starogardgdanski.eu\/2025\/wp-json\/wp\/v2\/pages"}],"about":[{"href":"https:\/\/www.starogardgdanski.eu\/2025\/wp-json\/wp\/v2\/types\/page"}],"author":[{"embeddable":true,"href":"https:\/\/www.starogardgdanski.eu\/2025\/wp-json\/wp\/v2\/users\/1"}],"replies":[{"embeddable":true,"href":"https:\/\/www.starogardgdanski.eu\/2025\/wp-json\/wp\/v2\/comments?post=711"}],"version-history":[{"count":11,"href":"https:\/\/www.starogardgdanski.eu\/2025\/wp-json\/wp\/v2\/pages\/711\/revisions"}],"predecessor-version":[{"id":2243,"href":"https:\/\/www.starogardgdanski.eu\/2025\/wp-json\/wp\/v2\/pages\/711\/revisions\/2243"}],"wp:attachment":[{"href":"https:\/\/www.starogardgdanski.eu\/2025\/wp-json\/wp\/v2\/media?parent=711"}],"curies":[{"name":"wp","href":"https:\/\/api.w.org\/{rel}","templated":true}]}}