{"id":1094,"date":"2024-11-30T12:35:23","date_gmt":"2024-11-30T12:35:23","guid":{"rendered":"http:\/\/www.starogardgdanski.eu\/2025\/?page_id=1094"},"modified":"2024-12-12T07:32:50","modified_gmt":"2024-12-12T07:32:50","slug":"publikacja","status":"publish","type":"page","link":"https:\/\/www.starogardgdanski.eu\/2025\/publikacja\/","title":{"rendered":"Publikacja"},"content":{"rendered":"\t\t<div data-elementor-type=\"wp-page\" data-elementor-id=\"1094\" class=\"elementor elementor-1094\">\n\t\t\t\t<div class=\"elementor-element elementor-element-e31edb1 e-flex e-con-boxed wpr-particle-no wpr-jarallax-no wpr-parallax-no wpr-sticky-section-no e-con e-parent\" data-id=\"e31edb1\" data-element_type=\"container\" data-settings=\"{&quot;background_background&quot;:&quot;classic&quot;}\">\n\t\t\t\t\t<div class=\"e-con-inner\">\n\t\t\t\t<div class=\"elementor-element elementor-element-7ce6c8e elementor-widget elementor-widget-text-editor\" data-id=\"7ce6c8e\" data-element_type=\"widget\" data-widget_type=\"text-editor.default\">\n\t\t\t\t<div class=\"elementor-widget-container\">\n\t\t\t\t\t\t\t\t\t<p><strong>Przygotowane w j\u0119zyku polskim lub angielskim publikacje o obj\u0119to\u015bci 0,5- 1 arkusza wydawniczego (nie wi\u0119cej ni\u017c 40 tys. znak\u00f3w). Opracowanie nale\u017cy przesy\u0142a\u0107 do dnia 17 czerwca 2025 r. na adres:\u00a0<a href=\"mailto:publikacje@starogardgdanski.eu\">publikacje@starogardgdanski.eu<\/a><\/strong><\/p><p>Warunkiem publikacji b\u0119dzie uzyskanie dw\u00f3ch pozytywnych recenzji.\u00a0<\/p><p>Przyj\u0119ta publikacja uka\u017ce si\u0119 w formie rozdzia\u0142u w monografii zbiorowej (autor otrzyma 20 pkt. ministerialnych). Wybrane artyku\u0142y maj\u0105 szanse by\u0107 wydane w czasopi\u015bmie \u201e\u015arodkowoeuropejskie Studia Polityczne\u201d za 70 pkt. ministerialnych lub innym czasopi\u015bmie wybranym przez Organizatora Konferencji. (strona\u00a0<a href=\"http:\/\/ssp.amu.edu.pl\/\" target=\"_blank\" rel=\"noopener\">http:\/\/ssp.amu.edu.pl\/<\/a>).<\/p><p>Ka\u017cdy z tekst\u00f3w przesy\u0142anych do publikacji musi by\u0107 oznaczony przez podanie na pierwszej stronie w lewym g\u00f3rnym rogu:<\/p><ol><li>imienia i nazwiska;<\/li><li>numeru ORCID (Open Researcher and Contributor ID);<\/li><\/ol><p>Pozosta\u0142e informacje b\u0119d\u0105 zawarte w rozwini\u0119tym opisie przed bibliografi\u0105:<\/p><ol><li>stopnie i tytu\u0142y naukowe autora\/autor\u00f3w;<\/li><li>reprezentowana jednostka, w przypadku uczelni wy\u017cszej &#8211; przynale\u017cno\u015b\u0107 do instytutu\/wydzia\u0142u (afiliacja);<\/li><li>adres reprezentowanej jednostki;<\/li><li>oficjalny adresu e-mail.<\/li><\/ol><p><strong>Wymogi redakcyjne:<\/strong><\/p><ol><li>J\u0119zyk publikacji: polski lub angielski.<\/li><li>Obj\u0119to\u015b\u0107 tekst\u00f3w: do 40 000 znak\u00f3w (ze spacjami).<\/li><li>Tekst nale\u017cy zapisa\u0107 w formacie programu Microsoft Word (rozszerzenie doc\/docx).<\/li><li>Tytu\u0142 referatu nale\u017cy uj\u0105\u0107 w formie zwi\u0119z\u0142ej.<\/li><li>Tekst nale\u017cy przygotowa\u0107 z zastosowaniem: formatu A4, orientacji pionowej, margines\u00f3w 2,5 cm, czcionki o wielko\u015bci 12 pkt. (tekst g\u0142\u00f3wny), czcionki o wielko\u015bci 10 pkt. (przypisy dolne), interlinii 1,5 (tekst g\u0142\u00f3wny), interlinii 1 (przypisy dolne).<\/li><li>Artyku\u0142 musi posiada\u0107 streszczenie w j\u0119zyku angielskim (obj\u0119to\u015b\u0107 streszczenia powinna mie\u015bci\u0107 si\u0119 w przedziale do 1000 znak\u00f3w), a tak\u017ce s\u0142owa kluczowe zapisane w j\u0119zyku angielskim.<\/li><li>Materia\u0142 ilustracyjny (rysunki, wykresy, diagramy) mo\u017cna zamieszcza\u0107 jedynie w przypadku, gdy jest on rzeczywi\u015bcie niezb\u0119dny.<\/li><li>W tek\u015bcie nale\u017cy zastosowa\u0107 przypisy dolne.<\/li><li>Tekst musi zawiera\u0107 osobne (ko\u0144cowe) zestawienie bibliograficzne (uk\u0142ad alfabetyczny wed\u0142ug nazwisk autor\u00f3w).<\/li><li>Tytu\u0142y czasopism nale\u017cy podawa\u0107 w pe\u0142nym brzmieniu (uj\u0119te w cudzys\u0142\u00f3w).<\/li><li>W tek\u015bcie nie nale\u017cy stosowa\u0107 podkre\u015ble\u0144 ani pogrubie\u0144. Wyr\u00f3\u017cnienie fragmentu tekstu jest mo\u017cliwe przez zwi\u0119kszenie odst\u0119pu mi\u0119dzy znakami (tekst rozstrzelony).<\/li><li>Zwroty obcoj\u0119zyczne (np.\u00a0<em>prima facie<\/em>,\u00a0<em>de lege lata<\/em>) nale\u017cy wyr\u00f3\u017cni\u0107 kursyw\u0105, natomiast cytaty jedynie zapisa\u0107 w cudzys\u0142owach, bez kursywy. Cytat w cytacie zaznacza si\u0119 cudzys\u0142owem ostrok\u0105tnym (\u00ab\u2026\u00bb).<\/li><li>Wszystkie opracowania b\u0119d\u0105 podlega\u0142y ocenie recenzent\u00f3w. W przypadku zasugerowania przez recenzent\u00f3w poprawek, warunkiem publikacji jest ich uwzgl\u0119dnienie przez autora tekstu.<\/li><li>Wszystkie materia\u0142y podlegaj\u0105 opracowaniu redakcyjnemu. Redagowanie tekstu b\u0119dzie polega\u0142o nie tylko na eliminacji b\u0142\u0119d\u00f3w ortograficznych, interpunkcyjnych i stylistycznych, ale tak\u017ce na poprawieniu tekstu pod wzgl\u0119dem logicznym oraz na usuni\u0119ciu usterek innego typu (np. terminologicznych lub dotycz\u0105cych warstwy dokumentacyjnej). Autor otrzyma wersj\u0119 do korekty. W przypadku nieodes\u0142ania korekty autorskiej w terminie, tekst zostanie skierowany do publikacji bez poprawek autora.<\/li><li>Teksty, kt\u00f3re nie spe\u0142niaj\u0105 podstawowych wymog\u00f3w poprawno\u015bci j\u0119zykowej, nie b\u0119d\u0105 przyjmowane do dalszego procedowania.<\/li><\/ol>\t\t\t\t\t\t\t\t<\/div>\n\t\t\t\t<\/div>\n\t\t\t\t\t<\/div>\n\t\t\t\t<\/div>\n\t\t<div class=\"elementor-element elementor-element-c911a19 e-flex e-con-boxed wpr-particle-no wpr-jarallax-no wpr-parallax-no wpr-sticky-section-no e-con e-parent\" data-id=\"c911a19\" data-element_type=\"container\" data-settings=\"{&quot;background_background&quot;:&quot;classic&quot;}\">\n\t\t\t\t\t<div class=\"e-con-inner\">\n\t\t\t\t<div class=\"elementor-element elementor-element-6a665cd elementor-widget-divider--view-line elementor-widget elementor-widget-divider\" data-id=\"6a665cd\" data-element_type=\"widget\" data-widget_type=\"divider.default\">\n\t\t\t\t<div class=\"elementor-widget-container\">\n\t\t\t\t\t\t\t<div class=\"elementor-divider\">\n\t\t\t<span class=\"elementor-divider-separator\">\n\t\t\t\t\t\t<\/span>\n\t\t<\/div>\n\t\t\t\t\t\t<\/div>\n\t\t\t\t<\/div>\n\t\t\t\t\t<\/div>\n\t\t\t\t<\/div>\n\t\t<div class=\"elementor-element elementor-element-dd52db7 e-flex e-con-boxed wpr-particle-no wpr-jarallax-no wpr-parallax-no wpr-sticky-section-no e-con e-parent\" data-id=\"dd52db7\" data-element_type=\"container\" data-settings=\"{&quot;background_background&quot;:&quot;classic&quot;}\">\n\t\t\t\t\t<div class=\"e-con-inner\">\n\t\t\t\t<div class=\"elementor-element elementor-element-5ebe775 elementor-position-inline-start elementor-view-default elementor-mobile-position-block-start elementor-widget elementor-widget-icon-box\" data-id=\"5ebe775\" data-element_type=\"widget\" data-widget_type=\"icon-box.default\">\n\t\t\t\t<div class=\"elementor-widget-container\">\n\t\t\t\t\t\t\t<div class=\"elementor-icon-box-wrapper\">\n\n\t\t\t\t\t\t<div class=\"elementor-icon-box-icon\">\n\t\t\t\t<a href=\"http:\/\/www.starogardgdanski.eu\/2025\/wp-content\/uploads\/2024\/12\/wytyczne-do-publikacji_ZiA_2025.pdf\" target=\"_blank\" class=\"elementor-icon\" tabindex=\"-1\">\n\t\t\t\t<svg aria-hidden=\"true\" class=\"e-font-icon-svg e-fas-file-pdf\" viewBox=\"0 0 384 512\" xmlns=\"http:\/\/www.w3.org\/2000\/svg\"><path d=\"M181.9 256.1c-5-16-4.9-46.9-2-46.9 8.4 0 7.6 36.9 2 46.9zm-1.7 47.2c-7.7 20.2-17.3 43.3-28.4 62.7 18.3-7 39-17.2 62.9-21.9-12.7-9.6-24.9-23.4-34.5-40.8zM86.1 428.1c0 .8 13.2-5.4 34.9-40.2-6.7 6.3-29.1 24.5-34.9 40.2zM248 160h136v328c0 13.3-10.7 24-24 24H24c-13.3 0-24-10.7-24-24V24C0 10.7 10.7 0 24 0h200v136c0 13.2 10.8 24 24 24zm-8 171.8c-20-12.2-33.3-29-42.7-53.8 4.5-18.5 11.6-46.6 6.2-64.2-4.7-29.4-42.4-26.5-47.8-6.8-5 18.3-.4 44.1 8.1 77-11.6 27.6-28.7 64.6-40.8 85.8-.1 0-.1.1-.2.1-27.1 13.9-73.6 44.5-54.5 68 5.6 6.9 16 10 21.5 10 17.9 0 35.7-18 61.1-61.8 25.8-8.5 54.1-19.1 79-23.2 21.7 11.8 47.1 19.5 64 19.5 29.2 0 31.2-32 19.7-43.4-13.9-13.6-54.3-9.7-73.6-7.2zM377 105L279 7c-4.5-4.5-10.6-7-17-7h-6v128h128v-6.1c0-6.3-2.5-12.4-7-16.9zm-74.1 255.3c4.1-2.7-2.5-11.9-42.8-9 37.1 15.8 42.8 9 42.8 9z\"><\/path><\/svg>\t\t\t\t<\/a>\n\t\t\t<\/div>\n\t\t\t\n\t\t\t\t\t\t<div class=\"elementor-icon-box-content\">\n\n\t\t\t\t\n\t\t\t\t\t\t\t\t\t<p class=\"elementor-icon-box-description\">\n\t\t\t\t\t\t<p><a href=\"http:\/\/www.starogardgdanski.eu\/2025\/wp-content\/uploads\/2024\/12\/wytyczne-do-publikacji_ZiA_2025.pdf\" target=\"_blank\" rel=\"noopener\">Wytyczne techniczne do publikacji - pobierz<\/a><\/p>\t\t\t\t\t<\/p>\n\t\t\t\t\n\t\t\t<\/div>\n\t\t\t\n\t\t<\/div>\n\t\t\t\t\t\t<\/div>\n\t\t\t\t<\/div>\n\t\t\t\t\t<\/div>\n\t\t\t\t<\/div>\n\t\t\t\t<\/div>\n\t\t","protected":false},"excerpt":{"rendered":"<p>Przygotowane w j\u0119zyku polskim lub angielskim publikacje o obj\u0119to\u015bci 0,5- 1 arkusza wydawniczego (nie wi\u0119cej ni\u017c 40 tys. znak\u00f3w). Opracowanie nale\u017cy przesy\u0142a\u0107 do dnia 17 czerwca 2025 r. na adres:\u00a0publikacje@starogardgdanski.eu Warunkiem publikacji b\u0119dzie uzyskanie dw\u00f3ch pozytywnych recenzji.\u00a0 Przyj\u0119ta publikacja uka\u017ce si\u0119 w formie rozdzia\u0142u w monografii zbiorowej (autor otrzyma 20 pkt. ministerialnych). Wybrane artyku\u0142y maj\u0105 szanse by\u0107 wydane w czasopi\u015bmie \u201e\u015arodkowoeuropejskie Studia Polityczne\u201d za 70 pkt. ministerialnych lub innym czasopi\u015bmie wybranym przez Organizatora Konferencji. (strona\u00a0http:\/\/ssp.amu.edu.pl\/). Ka\u017cdy z tekst\u00f3w przesy\u0142anych do publikacji musi by\u0107 oznaczony przez podanie na pierwszej stronie w lewym g\u00f3rnym rogu: imienia i nazwiska; numeru ORCID (Open Researcher and Contributor ID); Pozosta\u0142e informacje b\u0119d\u0105 zawarte w rozwini\u0119tym opisie przed bibliografi\u0105: stopnie i tytu\u0142y naukowe autora\/autor\u00f3w; reprezentowana jednostka, w przypadku uczelni wy\u017cszej &#8211; przynale\u017cno\u015b\u0107 do instytutu\/wydzia\u0142u (afiliacja); adres reprezentowanej jednostki; oficjalny adresu e-mail. Wymogi redakcyjne: J\u0119zyk publikacji: polski lub angielski. Obj\u0119to\u015b\u0107 tekst\u00f3w: do 40 000 znak\u00f3w (ze spacjami). Tekst nale\u017cy zapisa\u0107 w formacie programu Microsoft Word (rozszerzenie doc\/docx). Tytu\u0142 referatu nale\u017cy uj\u0105\u0107 w formie zwi\u0119z\u0142ej. Tekst nale\u017cy przygotowa\u0107 z zastosowaniem: formatu A4, orientacji pionowej, margines\u00f3w 2,5 cm, czcionki o wielko\u015bci 12 pkt. (tekst g\u0142\u00f3wny), czcionki o wielko\u015bci 10 pkt. (przypisy dolne), interlinii 1,5 (tekst g\u0142\u00f3wny), interlinii 1 (przypisy dolne). Artyku\u0142 musi posiada\u0107 streszczenie w j\u0119zyku angielskim (obj\u0119to\u015b\u0107 streszczenia powinna mie\u015bci\u0107 si\u0119 w przedziale do 1000 znak\u00f3w), a tak\u017ce s\u0142owa kluczowe zapisane w j\u0119zyku angielskim. Materia\u0142 ilustracyjny (rysunki, wykresy, diagramy) mo\u017cna zamieszcza\u0107 jedynie w przypadku, gdy jest on rzeczywi\u015bcie niezb\u0119dny. W tek\u015bcie nale\u017cy zastosowa\u0107 przypisy dolne. Tekst musi zawiera\u0107 osobne (ko\u0144cowe) zestawienie bibliograficzne (uk\u0142ad alfabetyczny wed\u0142ug nazwisk autor\u00f3w). Tytu\u0142y czasopism nale\u017cy podawa\u0107 w pe\u0142nym brzmieniu (uj\u0119te w cudzys\u0142\u00f3w). W tek\u015bcie nie nale\u017cy stosowa\u0107 podkre\u015ble\u0144 ani pogrubie\u0144. Wyr\u00f3\u017cnienie fragmentu tekstu jest mo\u017cliwe przez zwi\u0119kszenie odst\u0119pu mi\u0119dzy znakami (tekst rozstrzelony). Zwroty obcoj\u0119zyczne (np.\u00a0prima facie,\u00a0de lege lata) nale\u017cy wyr\u00f3\u017cni\u0107 kursyw\u0105, natomiast cytaty jedynie zapisa\u0107 w cudzys\u0142owach, bez kursywy. Cytat w cytacie zaznacza si\u0119 cudzys\u0142owem ostrok\u0105tnym (\u00ab\u2026\u00bb). Wszystkie opracowania b\u0119d\u0105 podlega\u0142y ocenie recenzent\u00f3w. W przypadku zasugerowania przez recenzent\u00f3w poprawek, warunkiem publikacji jest ich uwzgl\u0119dnienie przez autora tekstu. Wszystkie materia\u0142y podlegaj\u0105 opracowaniu redakcyjnemu. Redagowanie tekstu b\u0119dzie polega\u0142o nie tylko na eliminacji b\u0142\u0119d\u00f3w ortograficznych, interpunkcyjnych i stylistycznych, ale tak\u017ce na poprawieniu tekstu pod wzgl\u0119dem logicznym oraz na usuni\u0119ciu usterek innego typu (np. terminologicznych lub dotycz\u0105cych warstwy dokumentacyjnej). Autor otrzyma wersj\u0119 do korekty. W przypadku nieodes\u0142ania korekty autorskiej w terminie, tekst zostanie skierowany do publikacji bez poprawek autora. Teksty, kt\u00f3re nie spe\u0142niaj\u0105 podstawowych wymog\u00f3w poprawno\u015bci j\u0119zykowej, nie b\u0119d\u0105 przyjmowane do dalszego procedowania. Wytyczne techniczne do publikacji &#8211; pobierz<\/p>\n","protected":false},"author":1,"featured_media":0,"parent":0,"menu_order":0,"comment_status":"closed","ping_status":"closed","template":"","meta":{"ocean_post_layout":"","ocean_both_sidebars_style":"","ocean_both_sidebars_content_width":0,"ocean_both_sidebars_sidebars_width":0,"ocean_sidebar":"","ocean_second_sidebar":"","ocean_disable_margins":"enable","ocean_add_body_class":"","ocean_shortcode_before_top_bar":"","ocean_shortcode_after_top_bar":"","ocean_shortcode_before_header":"","ocean_shortcode_after_header":"","ocean_has_shortcode":"","ocean_shortcode_after_title":"","ocean_shortcode_before_footer_widgets":"","ocean_shortcode_after_footer_widgets":"","ocean_shortcode_before_footer_bottom":"","ocean_shortcode_after_footer_bottom":"","ocean_display_top_bar":"default","ocean_display_header":"default","ocean_header_style":"","ocean_center_header_left_menu":"","ocean_custom_header_template":"","ocean_custom_logo":0,"ocean_custom_retina_logo":0,"ocean_custom_logo_max_width":0,"ocean_custom_logo_tablet_max_width":0,"ocean_custom_logo_mobile_max_width":0,"ocean_custom_logo_max_height":0,"ocean_custom_logo_tablet_max_height":0,"ocean_custom_logo_mobile_max_height":0,"ocean_header_custom_menu":"","ocean_menu_typo_font_family":"","ocean_menu_typo_font_subset":"","ocean_menu_typo_font_size":0,"ocean_menu_typo_font_size_tablet":0,"ocean_menu_typo_font_size_mobile":0,"ocean_menu_typo_font_size_unit":"px","ocean_menu_typo_font_weight":"","ocean_menu_typo_font_weight_tablet":"","ocean_menu_typo_font_weight_mobile":"","ocean_menu_typo_transform":"","ocean_menu_typo_transform_tablet":"","ocean_menu_typo_transform_mobile":"","ocean_menu_typo_line_height":0,"ocean_menu_typo_line_height_tablet":0,"ocean_menu_typo_line_height_mobile":0,"ocean_menu_typo_line_height_unit":"","ocean_menu_typo_spacing":0,"ocean_menu_typo_spacing_tablet":0,"ocean_menu_typo_spacing_mobile":0,"ocean_menu_typo_spacing_unit":"","ocean_menu_link_color":"","ocean_menu_link_color_hover":"","ocean_menu_link_color_active":"","ocean_menu_link_background":"","ocean_menu_link_hover_background":"","ocean_menu_link_active_background":"","ocean_menu_social_links_bg":"","ocean_menu_social_hover_links_bg":"","ocean_menu_social_links_color":"","ocean_menu_social_hover_links_color":"","ocean_disable_title":"default","ocean_disable_heading":"default","ocean_post_title":"","ocean_post_subheading":"","ocean_post_title_style":"","ocean_post_title_background_color":"","ocean_post_title_background":0,"ocean_post_title_bg_image_position":"","ocean_post_title_bg_image_attachment":"","ocean_post_title_bg_image_repeat":"","ocean_post_title_bg_image_size":"","ocean_post_title_height":0,"ocean_post_title_bg_overlay":0.5,"ocean_post_title_bg_overlay_color":"","ocean_disable_breadcrumbs":"default","ocean_breadcrumbs_color":"","ocean_breadcrumbs_separator_color":"","ocean_breadcrumbs_links_color":"","ocean_breadcrumbs_links_hover_color":"","ocean_display_footer_widgets":"default","ocean_display_footer_bottom":"default","ocean_custom_footer_template":"","footnotes":""},"class_list":["post-1094","page","type-page","status-publish","hentry","entry"],"_links":{"self":[{"href":"https:\/\/www.starogardgdanski.eu\/2025\/wp-json\/wp\/v2\/pages\/1094","targetHints":{"allow":["GET"]}}],"collection":[{"href":"https:\/\/www.starogardgdanski.eu\/2025\/wp-json\/wp\/v2\/pages"}],"about":[{"href":"https:\/\/www.starogardgdanski.eu\/2025\/wp-json\/wp\/v2\/types\/page"}],"author":[{"embeddable":true,"href":"https:\/\/www.starogardgdanski.eu\/2025\/wp-json\/wp\/v2\/users\/1"}],"replies":[{"embeddable":true,"href":"https:\/\/www.starogardgdanski.eu\/2025\/wp-json\/wp\/v2\/comments?post=1094"}],"version-history":[{"count":52,"href":"https:\/\/www.starogardgdanski.eu\/2025\/wp-json\/wp\/v2\/pages\/1094\/revisions"}],"predecessor-version":[{"id":2060,"href":"https:\/\/www.starogardgdanski.eu\/2025\/wp-json\/wp\/v2\/pages\/1094\/revisions\/2060"}],"wp:attachment":[{"href":"https:\/\/www.starogardgdanski.eu\/2025\/wp-json\/wp\/v2\/media?parent=1094"}],"curies":[{"name":"wp","href":"https:\/\/api.w.org\/{rel}","templated":true}]}}