{"id":1009,"date":"2024-11-30T11:29:53","date_gmt":"2024-11-30T11:29:53","guid":{"rendered":"http:\/\/www.starogardgdanski.eu\/2025\/?page_id=1009"},"modified":"2025-04-06T06:10:19","modified_gmt":"2025-04-06T06:10:19","slug":"rada-naukowa","status":"publish","type":"page","link":"https:\/\/www.starogardgdanski.eu\/2025\/rada-naukowa\/","title":{"rendered":"Rada naukowa"},"content":{"rendered":"\t\t<div data-elementor-type=\"wp-page\" data-elementor-id=\"1009\" class=\"elementor elementor-1009\">\n\t\t\t\t<div class=\"elementor-element elementor-element-d67814a e-flex e-con-boxed wpr-particle-no wpr-jarallax-no wpr-parallax-no wpr-sticky-section-no e-con e-parent\" data-id=\"d67814a\" data-element_type=\"container\" data-settings=\"{&quot;background_background&quot;:&quot;classic&quot;}\">\n\t\t\t\t\t<div class=\"e-con-inner\">\n\t\t<div class=\"elementor-element elementor-element-27aed2c e-con-full e-flex wpr-particle-no wpr-jarallax-no wpr-parallax-no wpr-sticky-section-no e-con e-child\" data-id=\"27aed2c\" data-element_type=\"container\" data-settings=\"{&quot;background_background&quot;:&quot;classic&quot;}\">\n\t\t\t\t<div class=\"elementor-element elementor-element-76ee74f elementor-position-top elementor-widget elementor-widget-image-box\" data-id=\"76ee74f\" data-element_type=\"widget\" data-widget_type=\"image-box.default\">\n\t\t\t\t<div class=\"elementor-widget-container\">\n\t\t\t\t\t<div class=\"elementor-image-box-wrapper\"><figure class=\"elementor-image-box-img\"><img fetchpriority=\"high\" decoding=\"async\" width=\"300\" height=\"300\" src=\"https:\/\/www.starogardgdanski.eu\/2025\/wp-content\/uploads\/2024\/12\/dr-hab.-Tomasz-Hoffmann.png\" class=\"elementor-animation-grow attachment-full size-full wp-image-2159\" alt=\"\" srcset=\"https:\/\/www.starogardgdanski.eu\/2025\/wp-content\/uploads\/2024\/12\/dr-hab.-Tomasz-Hoffmann.png 300w, https:\/\/www.starogardgdanski.eu\/2025\/wp-content\/uploads\/2024\/12\/dr-hab.-Tomasz-Hoffmann-150x150.png 150w\" sizes=\"(max-width: 300px) 100vw, 300px\" \/><\/figure><div class=\"elementor-image-box-content\"><h3 class=\"elementor-image-box-title\">dr hab. Tomasz Hoffmann,<br>prof. PSW \u2013 Przewodnicz\u0105cy Rady<\/h3><\/div><\/div>\t\t\t\t<\/div>\n\t\t\t\t<\/div>\n\t\t\t\t<\/div>\n\t\t<div class=\"elementor-element elementor-element-87467a4 e-con-full e-flex wpr-particle-no wpr-jarallax-no wpr-parallax-no wpr-sticky-section-no e-con e-child\" data-id=\"87467a4\" data-element_type=\"container\" data-settings=\"{&quot;background_background&quot;:&quot;classic&quot;}\">\n\t\t\t\t<div class=\"elementor-element elementor-element-3ec6c55 elementor-position-top elementor-widget elementor-widget-image-box\" data-id=\"3ec6c55\" data-element_type=\"widget\" data-widget_type=\"image-box.default\">\n\t\t\t\t<div class=\"elementor-widget-container\">\n\t\t\t\t\t<div class=\"elementor-image-box-wrapper\"><figure class=\"elementor-image-box-img\"><img decoding=\"async\" width=\"300\" height=\"300\" src=\"https:\/\/www.starogardgdanski.eu\/2025\/wp-content\/uploads\/2024\/12\/prof.-dr-hab.-Jerzy-Bedzmirowski.png\" class=\"elementor-animation-grow attachment-full size-full wp-image-2077\" alt=\"\" srcset=\"https:\/\/www.starogardgdanski.eu\/2025\/wp-content\/uploads\/2024\/12\/prof.-dr-hab.-Jerzy-Bedzmirowski.png 300w, https:\/\/www.starogardgdanski.eu\/2025\/wp-content\/uploads\/2024\/12\/prof.-dr-hab.-Jerzy-Bedzmirowski-150x150.png 150w\" sizes=\"(max-width: 300px) 100vw, 300px\" \/><\/figure><div class=\"elementor-image-box-content\"><h3 class=\"elementor-image-box-title\">prof. dr hab. <br>Jerzy B\u0119d\u017amirowski<\/h3><\/div><\/div>\t\t\t\t<\/div>\n\t\t\t\t<\/div>\n\t\t\t\t<\/div>\n\t\t<div class=\"elementor-element elementor-element-c6b1c44 e-con-full e-flex wpr-particle-no wpr-jarallax-no wpr-parallax-no wpr-sticky-section-no e-con e-child\" data-id=\"c6b1c44\" data-element_type=\"container\" data-settings=\"{&quot;background_background&quot;:&quot;classic&quot;}\">\n\t\t\t\t<div class=\"elementor-element elementor-element-c4b88a2 elementor-position-top elementor-widget elementor-widget-image-box\" data-id=\"c4b88a2\" data-element_type=\"widget\" data-widget_type=\"image-box.default\">\n\t\t\t\t<div class=\"elementor-widget-container\">\n\t\t\t\t\t<div class=\"elementor-image-box-wrapper\"><figure class=\"elementor-image-box-img\"><img decoding=\"async\" width=\"300\" height=\"300\" src=\"https:\/\/www.starogardgdanski.eu\/2025\/wp-content\/uploads\/2024\/12\/dr-hab.-Lukasz-Zweiffel.png\" class=\"elementor-animation-grow attachment-full size-full wp-image-1969\" alt=\"\" srcset=\"https:\/\/www.starogardgdanski.eu\/2025\/wp-content\/uploads\/2024\/12\/dr-hab.-Lukasz-Zweiffel.png 300w, https:\/\/www.starogardgdanski.eu\/2025\/wp-content\/uploads\/2024\/12\/dr-hab.-Lukasz-Zweiffel-150x150.png 150w, https:\/\/www.starogardgdanski.eu\/2025\/wp-content\/uploads\/2024\/12\/elementor\/thumbs\/dr-hab.-Lukasz-Zweiffel-qy8sc63jm9fivz1vnszaul14gainjqd4ch2rbstf4g.png 200w\" sizes=\"(max-width: 300px) 100vw, 300px\" \/><\/figure><div class=\"elementor-image-box-content\"><h3 class=\"elementor-image-box-title\">dr hab. \u0141ukasz Zweiffel,<br>prof. PSW<\/h3><\/div><\/div>\t\t\t\t<\/div>\n\t\t\t\t<\/div>\n\t\t\t\t<\/div>\n\t\t\t\t\t<\/div>\n\t\t\t\t<\/div>\n\t\t<div class=\"elementor-element elementor-element-4ac6fa7 e-flex e-con-boxed wpr-particle-no wpr-jarallax-no wpr-parallax-no wpr-sticky-section-no e-con e-parent\" data-id=\"4ac6fa7\" data-element_type=\"container\" data-settings=\"{&quot;background_background&quot;:&quot;classic&quot;}\">\n\t\t\t\t\t<div class=\"e-con-inner\">\n\t\t<div class=\"elementor-element elementor-element-c702a68 e-con-full e-flex wpr-particle-no wpr-jarallax-no wpr-parallax-no wpr-sticky-section-no e-con e-child\" data-id=\"c702a68\" data-element_type=\"container\" data-settings=\"{&quot;background_background&quot;:&quot;classic&quot;}\">\n\t\t\t\t<div class=\"elementor-element elementor-element-32f42e0 elementor-position-top elementor-widget elementor-widget-image-box\" data-id=\"32f42e0\" data-element_type=\"widget\" data-widget_type=\"image-box.default\">\n\t\t\t\t<div class=\"elementor-widget-container\">\n\t\t\t\t\t<div class=\"elementor-image-box-wrapper\"><figure class=\"elementor-image-box-img\"><img loading=\"lazy\" decoding=\"async\" width=\"300\" height=\"300\" src=\"https:\/\/www.starogardgdanski.eu\/2025\/wp-content\/uploads\/2024\/12\/dr-hab.-inz.-dr-h.c.-Marcin-Kesy-1.png\" class=\"elementor-animation-grow attachment-full size-full wp-image-1983\" alt=\"\" srcset=\"https:\/\/www.starogardgdanski.eu\/2025\/wp-content\/uploads\/2024\/12\/dr-hab.-inz.-dr-h.c.-Marcin-Kesy-1.png 300w, https:\/\/www.starogardgdanski.eu\/2025\/wp-content\/uploads\/2024\/12\/dr-hab.-inz.-dr-h.c.-Marcin-Kesy-1-150x150.png 150w\" sizes=\"(max-width: 300px) 100vw, 300px\" \/><\/figure><div class=\"elementor-image-box-content\"><h3 class=\"elementor-image-box-title\">dr hab. in\u017c. dr h.c.<br>Marcin K\u0119sy, prof. PSW<\/h3><\/div><\/div>\t\t\t\t<\/div>\n\t\t\t\t<\/div>\n\t\t\t\t<\/div>\n\t\t<div class=\"elementor-element elementor-element-802db9e e-con-full e-flex wpr-particle-no wpr-jarallax-no wpr-parallax-no wpr-sticky-section-no e-con e-child\" data-id=\"802db9e\" data-element_type=\"container\" data-settings=\"{&quot;background_background&quot;:&quot;classic&quot;}\">\n\t\t\t\t<div class=\"elementor-element elementor-element-1b552ef elementor-position-top elementor-widget elementor-widget-image-box\" data-id=\"1b552ef\" data-element_type=\"widget\" data-widget_type=\"image-box.default\">\n\t\t\t\t<div class=\"elementor-widget-container\">\n\t\t\t\t\t<div class=\"elementor-image-box-wrapper\"><figure class=\"elementor-image-box-img\"><img loading=\"lazy\" decoding=\"async\" width=\"300\" height=\"300\" src=\"https:\/\/www.starogardgdanski.eu\/2025\/wp-content\/uploads\/2025\/01\/dr-Przemyslaw-Ruchlewski.png\" class=\"elementor-animation-grow attachment-full size-full wp-image-2252\" alt=\"\" srcset=\"https:\/\/www.starogardgdanski.eu\/2025\/wp-content\/uploads\/2025\/01\/dr-Przemyslaw-Ruchlewski.png 300w, https:\/\/www.starogardgdanski.eu\/2025\/wp-content\/uploads\/2025\/01\/dr-Przemyslaw-Ruchlewski-150x150.png 150w\" sizes=\"(max-width: 300px) 100vw, 300px\" \/><\/figure><div class=\"elementor-image-box-content\"><h3 class=\"elementor-image-box-title\">dr Przemys\u0142aw Ruchlewski<\/h3><\/div><\/div>\t\t\t\t<\/div>\n\t\t\t\t<\/div>\n\t\t\t\t<\/div>\n\t\t<div class=\"elementor-element elementor-element-2050c0e e-con-full e-flex wpr-particle-no wpr-jarallax-no wpr-parallax-no wpr-sticky-section-no e-con e-child\" data-id=\"2050c0e\" data-element_type=\"container\" data-settings=\"{&quot;background_background&quot;:&quot;classic&quot;}\">\n\t\t\t\t<div class=\"elementor-element elementor-element-ee6d007 elementor-position-top elementor-widget elementor-widget-image-box\" data-id=\"ee6d007\" data-element_type=\"widget\" data-widget_type=\"image-box.default\">\n\t\t\t\t<div class=\"elementor-widget-container\">\n\t\t\t\t\t<div class=\"elementor-image-box-wrapper\"><figure class=\"elementor-image-box-img\"><img loading=\"lazy\" decoding=\"async\" width=\"300\" height=\"300\" src=\"https:\/\/www.starogardgdanski.eu\/2025\/wp-content\/uploads\/2024\/12\/dr-Anna-Janus.png\" class=\"elementor-animation-grow attachment-full size-full wp-image-2038\" alt=\"\" srcset=\"https:\/\/www.starogardgdanski.eu\/2025\/wp-content\/uploads\/2024\/12\/dr-Anna-Janus.png 300w, https:\/\/www.starogardgdanski.eu\/2025\/wp-content\/uploads\/2024\/12\/dr-Anna-Janus-150x150.png 150w\" sizes=\"(max-width: 300px) 100vw, 300px\" \/><\/figure><div class=\"elementor-image-box-content\"><h3 class=\"elementor-image-box-title\">dr Anna  Janus<\/h3><\/div><\/div>\t\t\t\t<\/div>\n\t\t\t\t<\/div>\n\t\t\t\t<\/div>\n\t\t\t\t\t<\/div>\n\t\t\t\t<\/div>\n\t\t<div class=\"elementor-element elementor-element-838aa57 e-flex e-con-boxed wpr-particle-no wpr-jarallax-no wpr-parallax-no wpr-sticky-section-no e-con e-parent\" data-id=\"838aa57\" data-element_type=\"container\" data-settings=\"{&quot;background_background&quot;:&quot;classic&quot;}\">\n\t\t\t\t\t<div class=\"e-con-inner\">\n\t\t<div class=\"elementor-element elementor-element-be49947 e-con-full e-flex wpr-particle-no wpr-jarallax-no wpr-parallax-no wpr-sticky-section-no e-con e-child\" data-id=\"be49947\" data-element_type=\"container\" data-settings=\"{&quot;background_background&quot;:&quot;classic&quot;}\">\n\t\t\t\t<\/div>\n\t\t<div class=\"elementor-element elementor-element-c78376f e-con-full e-flex wpr-particle-no wpr-jarallax-no wpr-parallax-no wpr-sticky-section-no e-con e-child\" data-id=\"c78376f\" data-element_type=\"container\" data-settings=\"{&quot;background_background&quot;:&quot;classic&quot;}\">\n\t\t\t\t<div class=\"elementor-element elementor-element-c2de960 elementor-position-top elementor-widget elementor-widget-image-box\" data-id=\"c2de960\" data-element_type=\"widget\" data-widget_type=\"image-box.default\">\n\t\t\t\t<div class=\"elementor-widget-container\">\n\t\t\t\t\t<div class=\"elementor-image-box-wrapper\"><figure class=\"elementor-image-box-img\"><img loading=\"lazy\" decoding=\"async\" width=\"300\" height=\"300\" src=\"https:\/\/www.starogardgdanski.eu\/2025\/wp-content\/uploads\/2025\/04\/dr-inz.-Irena-Bach-Dabrowska1.png\" class=\"elementor-animation-grow attachment-full size-full wp-image-2359\" alt=\"\" srcset=\"https:\/\/www.starogardgdanski.eu\/2025\/wp-content\/uploads\/2025\/04\/dr-inz.-Irena-Bach-Dabrowska1.png 300w, https:\/\/www.starogardgdanski.eu\/2025\/wp-content\/uploads\/2025\/04\/dr-inz.-Irena-Bach-Dabrowska1-150x150.png 150w\" sizes=\"(max-width: 300px) 100vw, 300px\" \/><\/figure><div class=\"elementor-image-box-content\"><h3 class=\"elementor-image-box-title\">dr in\u017c. Irena Bach-D\u0105browska<\/h3><\/div><\/div>\t\t\t\t<\/div>\n\t\t\t\t<\/div>\n\t\t\t\t<\/div>\n\t\t<div class=\"elementor-element elementor-element-efe9d7d e-con-full e-flex wpr-particle-no wpr-jarallax-no wpr-parallax-no wpr-sticky-section-no e-con e-child\" data-id=\"efe9d7d\" data-element_type=\"container\" data-settings=\"{&quot;background_background&quot;:&quot;classic&quot;}\">\n\t\t\t\t<\/div>\n\t\t\t\t\t<\/div>\n\t\t\t\t<\/div>\n\t\t\t\t<\/div>\n\t\t","protected":false},"excerpt":{"rendered":"<p>dr hab. Tomasz Hoffmann,prof. PSW \u2013 Przewodnicz\u0105cy Rady prof. dr hab. Jerzy B\u0119d\u017amirowski dr hab. \u0141ukasz Zweiffel,prof. PSW dr hab. in\u017c. dr h.c.Marcin K\u0119sy, prof. PSW dr Przemys\u0142aw Ruchlewski dr Anna Janus dr in\u017c. Irena Bach-D\u0105browska<\/p>\n","protected":false},"author":1,"featured_media":0,"parent":0,"menu_order":0,"comment_status":"closed","ping_status":"closed","template":"","meta":{"ocean_post_layout":"","ocean_both_sidebars_style":"","ocean_both_sidebars_content_width":0,"ocean_both_sidebars_sidebars_width":0,"ocean_sidebar":"","ocean_second_sidebar":"","ocean_disable_margins":"enable","ocean_add_body_class":"","ocean_shortcode_before_top_bar":"","ocean_shortcode_after_top_bar":"","ocean_shortcode_before_header":"","ocean_shortcode_after_header":"","ocean_has_shortcode":"","ocean_shortcode_after_title":"","ocean_shortcode_before_footer_widgets":"","ocean_shortcode_after_footer_widgets":"","ocean_shortcode_before_footer_bottom":"","ocean_shortcode_after_footer_bottom":"","ocean_display_top_bar":"default","ocean_display_header":"default","ocean_header_style":"","ocean_center_header_left_menu":"","ocean_custom_header_template":"","ocean_custom_logo":0,"ocean_custom_retina_logo":0,"ocean_custom_logo_max_width":0,"ocean_custom_logo_tablet_max_width":0,"ocean_custom_logo_mobile_max_width":0,"ocean_custom_logo_max_height":0,"ocean_custom_logo_tablet_max_height":0,"ocean_custom_logo_mobile_max_height":0,"ocean_header_custom_menu":"","ocean_menu_typo_font_family":"","ocean_menu_typo_font_subset":"","ocean_menu_typo_font_size":0,"ocean_menu_typo_font_size_tablet":0,"ocean_menu_typo_font_size_mobile":0,"ocean_menu_typo_font_size_unit":"px","ocean_menu_typo_font_weight":"","ocean_menu_typo_font_weight_tablet":"","ocean_menu_typo_font_weight_mobile":"","ocean_menu_typo_transform":"","ocean_menu_typo_transform_tablet":"","ocean_menu_typo_transform_mobile":"","ocean_menu_typo_line_height":0,"ocean_menu_typo_line_height_tablet":0,"ocean_menu_typo_line_height_mobile":0,"ocean_menu_typo_line_height_unit":"","ocean_menu_typo_spacing":0,"ocean_menu_typo_spacing_tablet":0,"ocean_menu_typo_spacing_mobile":0,"ocean_menu_typo_spacing_unit":"","ocean_menu_link_color":"","ocean_menu_link_color_hover":"","ocean_menu_link_color_active":"","ocean_menu_link_background":"","ocean_menu_link_hover_background":"","ocean_menu_link_active_background":"","ocean_menu_social_links_bg":"","ocean_menu_social_hover_links_bg":"","ocean_menu_social_links_color":"","ocean_menu_social_hover_links_color":"","ocean_disable_title":"default","ocean_disable_heading":"default","ocean_post_title":"","ocean_post_subheading":"","ocean_post_title_style":"","ocean_post_title_background_color":"","ocean_post_title_background":0,"ocean_post_title_bg_image_position":"","ocean_post_title_bg_image_attachment":"","ocean_post_title_bg_image_repeat":"","ocean_post_title_bg_image_size":"","ocean_post_title_height":0,"ocean_post_title_bg_overlay":0.5,"ocean_post_title_bg_overlay_color":"","ocean_disable_breadcrumbs":"default","ocean_breadcrumbs_color":"","ocean_breadcrumbs_separator_color":"","ocean_breadcrumbs_links_color":"","ocean_breadcrumbs_links_hover_color":"","ocean_display_footer_widgets":"default","ocean_display_footer_bottom":"default","ocean_custom_footer_template":"","footnotes":""},"class_list":["post-1009","page","type-page","status-publish","hentry","entry"],"_links":{"self":[{"href":"https:\/\/www.starogardgdanski.eu\/2025\/wp-json\/wp\/v2\/pages\/1009","targetHints":{"allow":["GET"]}}],"collection":[{"href":"https:\/\/www.starogardgdanski.eu\/2025\/wp-json\/wp\/v2\/pages"}],"about":[{"href":"https:\/\/www.starogardgdanski.eu\/2025\/wp-json\/wp\/v2\/types\/page"}],"author":[{"embeddable":true,"href":"https:\/\/www.starogardgdanski.eu\/2025\/wp-json\/wp\/v2\/users\/1"}],"replies":[{"embeddable":true,"href":"https:\/\/www.starogardgdanski.eu\/2025\/wp-json\/wp\/v2\/comments?post=1009"}],"version-history":[{"count":127,"href":"https:\/\/www.starogardgdanski.eu\/2025\/wp-json\/wp\/v2\/pages\/1009\/revisions"}],"predecessor-version":[{"id":2368,"href":"https:\/\/www.starogardgdanski.eu\/2025\/wp-json\/wp\/v2\/pages\/1009\/revisions\/2368"}],"wp:attachment":[{"href":"https:\/\/www.starogardgdanski.eu\/2025\/wp-json\/wp\/v2\/media?parent=1009"}],"curies":[{"name":"wp","href":"https:\/\/api.w.org\/{rel}","templated":true}]}}