{"id":2067,"date":"2024-12-12T11:22:40","date_gmt":"2024-12-12T11:22:40","guid":{"rendered":"http:\/\/www.starogardgdanski.eu\/2025\/?page_id=2067"},"modified":"2024-12-12T11:25:59","modified_gmt":"2024-12-12T11:25:59","slug":"warunki-korzystania-z-formularza-kontaktowego","status":"publish","type":"page","link":"http:\/\/www.starogardgdanski.eu\/2025\/warunki-korzystania-z-formularza-kontaktowego\/","title":{"rendered":"Warunki korzystania z formularza kontaktowego"},"content":{"rendered":"\t\t<div data-elementor-type=\"wp-page\" data-elementor-id=\"2067\" class=\"elementor elementor-2067\">\n\t\t\t\t<div class=\"elementor-element elementor-element-71cd5aa e-flex e-con-boxed wpr-particle-no wpr-jarallax-no wpr-parallax-no wpr-sticky-section-no e-con e-parent\" data-id=\"71cd5aa\" data-element_type=\"container\" data-settings=\"{&quot;background_background&quot;:&quot;classic&quot;}\">\n\t\t\t\t\t<div class=\"e-con-inner\">\n\t\t\t\t<div class=\"elementor-element elementor-element-0ad1726 elementor-widget elementor-widget-text-editor\" data-id=\"0ad1726\" data-element_type=\"widget\" data-widget_type=\"text-editor.default\">\n\t\t\t\t<div class=\"elementor-widget-container\">\n\t\t\t\t\t\t\t\t\t<div id=\"text_block-24-13\" class=\"ct-text-block dentist-subheading\">POLITYKA PRYWATNO\u015aCI<\/div><h1 id=\"headline-6-13\" class=\"ct-headline dentist-heading-one\">Warunki korzystania z formularza kontaktowego<\/h1><div id=\"div_block-88-13\" class=\"ct-div-block\"><div id=\"div_block-15-13\" class=\"ct-div-block\"><h3 id=\"headline-17-13\" class=\"ct-headline dentist-heading-three\">Wyra\u017cenie zgody na kontakty telefoniczne<\/h3><div id=\"text_block-29-13\" class=\"ct-text-block \">Wyra\u017cam zgod\u0119 na otrzymywanie telefonicznych po\u0142\u0105cze\u0144 przychodz\u0105cych i\/lub wiadomo\u015bci SMS inicjowanych przez Pomorsk\u0105 Szko\u0142\u0119 Wy\u017csz\u0105 w Starogardzie Gda\u0144skim, ul. Ko\u015bciuszki 112\/114, 83-200 Starogard Gda\u0144ski, woj. Pomorskie.<\/div><h3 class=\"ct-text-block \"><br \/>Wyra\u017cenie zgody na otrzymywanie e-maili<\/h3><div id=\"text_block-113-20\" class=\"ct-text-block \">Wyra\u017cam zgod\u0119 na otrzymywanie informacji \u015brodkami komunikacji elektronicznej od Pomorskiej Szko\u0142y Wy\u017cszej w Starogardzie Gda\u0144skim, ul. Ko\u015bciuszki 112\/114, 83-200 Starogard Gda\u0144ski, woj. Pomorskie.<\/div><div>\u00a0<\/div><h3 class=\"ct-text-block \">Sprawd\u017a kto b\u0119dzie administratorem Twoich danych<\/h3><div class=\"ct-text-block \">Administratorem danych osobowych podanych powy\u017cej jest Pomorska Szko\u0142a Wy\u017csza w Starogardzie Gda\u0144skim, ul. Ko\u015bciuszki 112\/114, 83-200 Starogard Gda\u0144ski, woj. Pomorskie. Podanie ww. danych jest dobrowolne, ale konieczne do realizacji us\u0142ugi. Zosta\u0142em poinformowany o tym, \u017ce przys\u0142uguje mi prawo do sprzeciwu na przetwarzanie danych osobowych. Dodatkowo mam prawo dost\u0119pu do tre\u015bci moich danych osobowych, ich sprostowania, usuni\u0119cia (\u201ePrawo do zapomnienia\u201d), ograniczenia przetwarzania, przenoszenia danych i wniesienia skargi do organu nadzorczego \u2013 Prezesa Urz\u0119du Ochrony Danych. Podane wy\u017cej dane b\u0119d\u0105 przetwarzane do czasu wyra\u017cenia sprzeciwu przez osob\u0119, kt\u00f3rej dane dotycz\u0105. PSW, na podstawie art. 37 RODO wyznacza Inspektora Ochrony Danych, wskazuj\u0105c nast\u0119puj\u0105ce dane kontaktowe: tel: (58) 563 00 90, adres e-mail: dziekanat@twojestudia.pl.<\/div><\/div><\/div>\t\t\t\t\t\t\t\t<\/div>\n\t\t\t\t<\/div>\n\t\t\t\t\t<\/div>\n\t\t\t\t<\/div>\n\t\t\t\t<\/div>\n\t\t","protected":false},"excerpt":{"rendered":"<p>POLITYKA PRYWATNO\u015aCI Warunki korzystania z formularza kontaktowego Wyra\u017cenie zgody na kontakty telefoniczne Wyra\u017cam zgod\u0119 na otrzymywanie telefonicznych po\u0142\u0105cze\u0144 przychodz\u0105cych i\/lub wiadomo\u015bci SMS inicjowanych przez Pomorsk\u0105 Szko\u0142\u0119 Wy\u017csz\u0105 w Starogardzie Gda\u0144skim, ul. Ko\u015bciuszki 112\/114, 83-200 Starogard Gda\u0144ski, woj. Pomorskie. Wyra\u017cenie zgody na otrzymywanie e-maili Wyra\u017cam zgod\u0119 na otrzymywanie informacji \u015brodkami komunikacji elektronicznej od Pomorskiej Szko\u0142y Wy\u017cszej w Starogardzie Gda\u0144skim, ul. Ko\u015bciuszki 112\/114, 83-200 Starogard Gda\u0144ski, woj. Pomorskie.\u00a0 Sprawd\u017a kto b\u0119dzie administratorem Twoich danych Administratorem danych osobowych podanych powy\u017cej jest Pomorska Szko\u0142a Wy\u017csza w Starogardzie Gda\u0144skim, ul. Ko\u015bciuszki 112\/114, 83-200 Starogard Gda\u0144ski, woj. Pomorskie. Podanie ww. danych jest dobrowolne, ale konieczne do realizacji us\u0142ugi. Zosta\u0142em poinformowany o tym, \u017ce przys\u0142uguje mi prawo do sprzeciwu na przetwarzanie danych osobowych. Dodatkowo mam prawo dost\u0119pu do tre\u015bci moich danych osobowych, ich sprostowania, usuni\u0119cia (\u201ePrawo do zapomnienia\u201d), ograniczenia przetwarzania, przenoszenia danych i wniesienia skargi do organu nadzorczego \u2013 Prezesa Urz\u0119du Ochrony Danych. Podane wy\u017cej dane b\u0119d\u0105 przetwarzane do czasu wyra\u017cenia sprzeciwu przez osob\u0119, kt\u00f3rej dane dotycz\u0105. PSW, na podstawie art. 37 RODO wyznacza Inspektora Ochrony Danych, wskazuj\u0105c nast\u0119puj\u0105ce dane kontaktowe: tel: (58) 563 00 90, adres e-mail: dziekanat@twojestudia.pl.<\/p>\n","protected":false},"author":1,"featured_media":0,"parent":0,"menu_order":0,"comment_status":"closed","ping_status":"closed","template":"","meta":{"ocean_post_layout":"","ocean_both_sidebars_style":"","ocean_both_sidebars_content_width":0,"ocean_both_sidebars_sidebars_width":0,"ocean_sidebar":"","ocean_second_sidebar":"","ocean_disable_margins":"enable","ocean_add_body_class":"","ocean_shortcode_before_top_bar":"","ocean_shortcode_after_top_bar":"","ocean_shortcode_before_header":"","ocean_shortcode_after_header":"","ocean_has_shortcode":"","ocean_shortcode_after_title":"","ocean_shortcode_before_footer_widgets":"","ocean_shortcode_after_footer_widgets":"","ocean_shortcode_before_footer_bottom":"","ocean_shortcode_after_footer_bottom":"","ocean_display_top_bar":"default","ocean_display_header":"default","ocean_header_style":"","ocean_center_header_left_menu":"","ocean_custom_header_template":"","ocean_custom_logo":0,"ocean_custom_retina_logo":0,"ocean_custom_logo_max_width":0,"ocean_custom_logo_tablet_max_width":0,"ocean_custom_logo_mobile_max_width":0,"ocean_custom_logo_max_height":0,"ocean_custom_logo_tablet_max_height":0,"ocean_custom_logo_mobile_max_height":0,"ocean_header_custom_menu":"","ocean_menu_typo_font_family":"","ocean_menu_typo_font_subset":"","ocean_menu_typo_font_size":0,"ocean_menu_typo_font_size_tablet":0,"ocean_menu_typo_font_size_mobile":0,"ocean_menu_typo_font_size_unit":"px","ocean_menu_typo_font_weight":"","ocean_menu_typo_font_weight_tablet":"","ocean_menu_typo_font_weight_mobile":"","ocean_menu_typo_transform":"","ocean_menu_typo_transform_tablet":"","ocean_menu_typo_transform_mobile":"","ocean_menu_typo_line_height":0,"ocean_menu_typo_line_height_tablet":0,"ocean_menu_typo_line_height_mobile":0,"ocean_menu_typo_line_height_unit":"","ocean_menu_typo_spacing":0,"ocean_menu_typo_spacing_tablet":0,"ocean_menu_typo_spacing_mobile":0,"ocean_menu_typo_spacing_unit":"","ocean_menu_link_color":"","ocean_menu_link_color_hover":"","ocean_menu_link_color_active":"","ocean_menu_link_background":"","ocean_menu_link_hover_background":"","ocean_menu_link_active_background":"","ocean_menu_social_links_bg":"","ocean_menu_social_hover_links_bg":"","ocean_menu_social_links_color":"","ocean_menu_social_hover_links_color":"","ocean_disable_title":"default","ocean_disable_heading":"default","ocean_post_title":"","ocean_post_subheading":"","ocean_post_title_style":"","ocean_post_title_background_color":"","ocean_post_title_background":0,"ocean_post_title_bg_image_position":"","ocean_post_title_bg_image_attachment":"","ocean_post_title_bg_image_repeat":"","ocean_post_title_bg_image_size":"","ocean_post_title_height":0,"ocean_post_title_bg_overlay":0.5,"ocean_post_title_bg_overlay_color":"","ocean_disable_breadcrumbs":"default","ocean_breadcrumbs_color":"","ocean_breadcrumbs_separator_color":"","ocean_breadcrumbs_links_color":"","ocean_breadcrumbs_links_hover_color":"","ocean_display_footer_widgets":"default","ocean_display_footer_bottom":"default","ocean_custom_footer_template":"","footnotes":""},"class_list":["post-2067","page","type-page","status-publish","hentry","entry"],"_links":{"self":[{"href":"http:\/\/www.starogardgdanski.eu\/2025\/wp-json\/wp\/v2\/pages\/2067","targetHints":{"allow":["GET"]}}],"collection":[{"href":"http:\/\/www.starogardgdanski.eu\/2025\/wp-json\/wp\/v2\/pages"}],"about":[{"href":"http:\/\/www.starogardgdanski.eu\/2025\/wp-json\/wp\/v2\/types\/page"}],"author":[{"embeddable":true,"href":"http:\/\/www.starogardgdanski.eu\/2025\/wp-json\/wp\/v2\/users\/1"}],"replies":[{"embeddable":true,"href":"http:\/\/www.starogardgdanski.eu\/2025\/wp-json\/wp\/v2\/comments?post=2067"}],"version-history":[{"count":8,"href":"http:\/\/www.starogardgdanski.eu\/2025\/wp-json\/wp\/v2\/pages\/2067\/revisions"}],"predecessor-version":[{"id":2075,"href":"http:\/\/www.starogardgdanski.eu\/2025\/wp-json\/wp\/v2\/pages\/2067\/revisions\/2075"}],"wp:attachment":[{"href":"http:\/\/www.starogardgdanski.eu\/2025\/wp-json\/wp\/v2\/media?parent=2067"}],"curies":[{"name":"wp","href":"https:\/\/api.w.org\/{rel}","templated":true}]}}