{"id":1863,"date":"2024-12-08T14:14:13","date_gmt":"2024-12-08T14:14:13","guid":{"rendered":"http:\/\/www.starogardgdanski.eu\/2025\/?page_id=1863"},"modified":"2024-12-08T17:13:25","modified_gmt":"2024-12-08T17:13:25","slug":"wyslij-artykul","status":"publish","type":"page","link":"http:\/\/www.starogardgdanski.eu\/2025\/wyslij-artykul\/","title":{"rendered":"Wy\u015blij artyku\u0142"},"content":{"rendered":"\t\t<div data-elementor-type=\"wp-page\" data-elementor-id=\"1863\" class=\"elementor elementor-1863\">\n\t\t\t\t<div class=\"elementor-element elementor-element-296bfdf e-flex e-con-boxed wpr-particle-no wpr-jarallax-no wpr-parallax-no wpr-sticky-section-no e-con e-parent\" data-id=\"296bfdf\" data-element_type=\"container\" data-settings=\"{&quot;background_background&quot;:&quot;classic&quot;}\">\n\t\t\t\t\t<div class=\"e-con-inner\">\n\t\t<div class=\"elementor-element elementor-element-3ca2c54 e-flex e-con-boxed wpr-particle-no wpr-jarallax-no wpr-parallax-no wpr-sticky-section-no e-con e-child\" data-id=\"3ca2c54\" data-element_type=\"container\">\n\t\t\t\t\t<div class=\"e-con-inner\">\n\t\t\t\t<div class=\"elementor-element elementor-element-86ef99d elementor-widget elementor-widget-shortcode\" data-id=\"86ef99d\" data-element_type=\"widget\" data-widget_type=\"shortcode.default\">\n\t\t\t\t<div class=\"elementor-widget-container\">\n\t\t\t\t\t\t\t<div class=\"elementor-shortcode\"><div class=\"forminator-ui forminator-custom-form forminator-custom-form-1862 forminator-design--material  forminator_ajax\" data-forminator-render=\"0\" data-form=\"forminator-module-1862\" data-uid=\"69e6243c09fbd\"><br\/><\/div><form\n\t\t\t\tid=\"forminator-module-1862\"\n\t\t\t\tclass=\"forminator-ui forminator-custom-form forminator-custom-form-1862 forminator-design--material  forminator_ajax\"\n\t\t\t\tmethod=\"post\"\n\t\t\t\tdata-forminator-render=\"0\"\n\t\t\t\tdata-form-id=\"1862\"\n\t\t\t\tenctype=\"multipart\/form-data\" data-color-option=\"theme\" data-design=\"material\" data-grid=\"open\" style=\"display: none;\"\n\t\t\t\tdata-uid=\"69e6243c09fbd\"\n\t\t\t><div role=\"alert\" aria-live=\"polite\" class=\"forminator-response-message forminator-error\" aria-hidden=\"true\"><\/div><div class=\"forminator-row\"><div id=\"text-1\" class=\"forminator-field-text forminator-col forminator-col-12 \"><div class=\"forminator-field\"><label for=\"forminator-field-text-1_69e6243c09fbd\" id=\"forminator-field-text-1_69e6243c09fbd-label\" class=\"forminator-label\">Numer Orcid: <span class=\"forminator-required\">*<\/span><\/label><input type=\"text\" name=\"text-1\" value=\"\" placeholder=\"\" id=\"forminator-field-text-1_69e6243c09fbd\" class=\"forminator-input forminator-name--field\" data-required=\"1\" \/><\/div><\/div><\/div><div class=\"forminator-row\"><div id=\"text-2\" class=\"forminator-field-text forminator-col forminator-col-12 \"><div class=\"forminator-field\"><label for=\"forminator-field-text-2_69e6243c09fbd\" id=\"forminator-field-text-2_69e6243c09fbd-label\" class=\"forminator-label\">Tytu\u0142 publikacji: <span class=\"forminator-required\">*<\/span><\/label><input type=\"text\" name=\"text-2\" value=\"\" placeholder=\"\" id=\"forminator-field-text-2_69e6243c09fbd\" class=\"forminator-input forminator-name--field\" data-required=\"1\" \/><\/div><\/div><\/div><div class=\"forminator-row\"><div id=\"upload-1\" class=\"forminator-field-upload forminator-col forminator-col-12 \"><div class=\"forminator-field\"><label for=\"forminator-field-upload-1_69e6243c09fbd\" id=\"forminator-field-upload-1_69e6243c09fbd-label\" class=\"forminator-label\">Za\u0142\u0105cz tekst w formie pliku doc\/docx <span class=\"forminator-required\">*<\/span><\/label><div class=\"forminator-multi-upload \" data-element=\"upload-1_69e6243c09fbd\"><input type=\"file\" name=\"upload-1[]\" id=\"forminator-field-upload-1_69e6243c09fbd\" class=\"forminator-input-file-required do-validate forminator-field-upload-1_69e6243c09fbd-1862\" multiple=\"multiple\" data-method=\"ajax\" accept=\".avif,.heif,.heics,.heifs,.doc,.docx\" data-size=\"134000000\" data-size-message=\"Maksymalny dozwolony rozmiar pliku wynosi 134 MB. \" data-filetype=\"avif|heif|heics|heifs|doc|docx\" data-filetype-message=\"rozszerzenie pliku jest niedozwolone.\"><div class=\"forminator-multi-upload-message\" aria-hidden=\"true\"><span class=\"forminator-icon-upload\" aria-hidden=\"true\"><\/span><p>Przeci\u0105gnij i upu\u015b\u0107 (lub) <a class=\"forminator-upload-file--forminator-field-upload-1_69e6243c09fbd\" href=\"#\" onclick=\"return false;\">Wybierz pliki<\/a><\/p><\/div><\/div><ul class=\"forminator-uploaded-files upload-container-upload-1_69e6243c09fbd\"><\/ul><\/div><\/div><\/div><div class=\"forminator-row\"><div id=\"upload-2\" class=\"forminator-field-upload forminator-col forminator-col-12 \"><div class=\"forminator-field\"><label for=\"forminator-field-upload-2_69e6243c09fbd\" id=\"forminator-field-upload-2_69e6243c09fbd-label\" class=\"forminator-label\">Za\u0142\u0105cz tekst w formie pliku pdf <span class=\"forminator-required\">*<\/span><\/label><div class=\"forminator-multi-upload \" data-element=\"upload-2_69e6243c09fbd\"><input type=\"file\" name=\"upload-2[]\" id=\"forminator-field-upload-2_69e6243c09fbd\" class=\"forminator-input-file-required do-validate forminator-field-upload-2_69e6243c09fbd-1862\" multiple=\"multiple\" data-method=\"ajax\" accept=\".avif,.heif,.heics,.heifs,.pdf\" data-size=\"134000000\" data-size-message=\"Maksymalny dozwolony rozmiar pliku wynosi 134 MB. \" data-filetype=\"avif|heif|heics|heifs|pdf\" data-filetype-message=\"rozszerzenie pliku jest niedozwolone.\"><div class=\"forminator-multi-upload-message\" aria-hidden=\"true\"><span class=\"forminator-icon-upload\" aria-hidden=\"true\"><\/span><p>Przeci\u0105gnij i upu\u015b\u0107 (lub) <a class=\"forminator-upload-file--forminator-field-upload-2_69e6243c09fbd\" href=\"#\" onclick=\"return false;\">Wybierz pliki<\/a><\/p><\/div><\/div><ul class=\"forminator-uploaded-files upload-container-upload-2_69e6243c09fbd\"><\/ul><\/div><\/div><\/div><div class=\"forminator-row\"><div id=\"checkbox-1\" class=\"forminator-field-checkbox forminator-col forminator-col-12 \"><div role=\"group\" class=\"forminator-field required\" aria-labelledby=\"forminator-checkbox-group-forminator-field-checkbox-1-69e6243c09fbd-label\"><label id=\"forminator-field-checkbox-1-1-69e6243c09fbd-label\" for=\"forminator-field-checkbox-1-1-69e6243c09fbd\" class=\"forminator-checkbox\" title=\"&lt;p&gt;Akceptuj\u0119 &lt;a href=&quot;http:\/\/www.starogardgdanski.eu\/2025\/warunki-korzystania-z-formularza-kontaktowego\/&quot; data-type=&quot;link&quot; data-id=&quot;http:\/\/www.starogardgdanski.eu\/2025\/warunki-korzystania-z-formularza-kontaktowego\/&quot;&gt;warunki korzystania z formularza kontaktowego&lt;\/a&gt;.&lt;\/p&gt;\"><input type=\"checkbox\" name=\"checkbox-1[]\" value=\"&lt;p&gt;Akceptuj\u0119 &lt;a href=&quot;http:\/\/www.starogardgdanski.eu\/2025\/warunki-korzystania-z-formularza-kontaktowego\/&quot; data-type=&quot;link&quot; data-id=&quot;http:\/\/www.starogardgdanski.eu\/2025\/warunki-korzystania-z-formularza-kontaktowego\/&quot;&gt;warunki korzystania z formularza kontaktowego&lt;\/a&gt;.&lt;\/p&gt;\" id=\"forminator-field-checkbox-1-1-69e6243c09fbd\" aria-labelledby=\"forminator-field-checkbox-1-1-69e6243c09fbd-label\" data-calculation=\"0\"   data-hidden-behavior=\"zero\"\/><span class=\"forminator-checkbox-box\" aria-hidden=\"true\"><\/span><span class=\"forminator-checkbox-label\"><p>Akceptuj\u0119 <a href=\"http:\/\/www.starogardgdanski.eu\/2025\/warunki-korzystania-z-formularza-kontaktowego\/\" data-type=\"link\" data-id=\"http:\/\/www.starogardgdanski.eu\/2025\/warunki-korzystania-z-formularza-kontaktowego\/\">warunki korzystania z formularza kontaktowego<\/a>.<\/p><\/span><\/label><\/div><\/div><\/div><div class=\"forminator-row\"><div id=\"captcha-1\" class=\"forminator-field-captcha forminator-col forminator-col-12 \"><div class=\"forminator-captcha-left forminator-g-recaptcha\" data-theme=\"light\"  data-sitekey=\"6LdP0ZUqAAAAAIDr6iveNjneotlumsxCtpUzjDh9\" data-size=\"normal\"><\/div> <\/div><\/div><input type=\"hidden\" name=\"referer_url\" value=\"\" \/><div class=\"forminator-row forminator-row-last\"><div class=\"forminator-col\"><div class=\"forminator-field\"><button class=\"forminator-button forminator-button-submit\"><span>Wy\u015blij wiadomo\u015b\u0107<\/span><span aria-hidden=\"true\"><\/span><\/button><\/div><\/div><\/div><input type=\"hidden\" id=\"forminator_nonce\" name=\"forminator_nonce\" value=\"1d2c785c01\" \/><input type=\"hidden\" name=\"_wp_http_referer\" value=\"\/2025\/wp-json\/wp\/v2\/pages\/1863\" \/><input type=\"hidden\" name=\"form_id\" value=\"1862\"><input type=\"hidden\" name=\"page_id\" value=\"1863\"><input type=\"hidden\" name=\"form_type\" value=\"default\"><input type=\"hidden\" name=\"current_url\" value=\"http:\/\/www.starogardgdanski.eu\/2025\/wyslij-artykul\/\"><input type=\"hidden\" name=\"render_id\" value=\"0\"><input type=\"hidden\" name=\"forminator-multifile-hidden\" class=\"forminator-multifile-hidden\"><input type=\"hidden\" name=\"action\" value=\"forminator_submit_form_custom-forms\"><\/form><\/div>\n\t\t\t\t\t\t<\/div>\n\t\t\t\t<\/div>\n\t\t\t\t\t<\/div>\n\t\t\t\t<\/div>\n\t\t\t\t\t<\/div>\n\t\t\t\t<\/div>\n\t\t\t\t<\/div>\n\t\t","protected":false},"excerpt":{"rendered":"","protected":false},"author":1,"featured_media":0,"parent":0,"menu_order":0,"comment_status":"closed","ping_status":"closed","template":"","meta":{"ocean_post_layout":"","ocean_both_sidebars_style":"","ocean_both_sidebars_content_width":0,"ocean_both_sidebars_sidebars_width":0,"ocean_sidebar":"","ocean_second_sidebar":"","ocean_disable_margins":"enable","ocean_add_body_class":"","ocean_shortcode_before_top_bar":"","ocean_shortcode_after_top_bar":"","ocean_shortcode_before_header":"","ocean_shortcode_after_header":"","ocean_has_shortcode":"","ocean_shortcode_after_title":"","ocean_shortcode_before_footer_widgets":"","ocean_shortcode_after_footer_widgets":"","ocean_shortcode_before_footer_bottom":"","ocean_shortcode_after_footer_bottom":"","ocean_display_top_bar":"default","ocean_display_header":"default","ocean_header_style":"","ocean_center_header_left_menu":"","ocean_custom_header_template":"","ocean_custom_logo":0,"ocean_custom_retina_logo":0,"ocean_custom_logo_max_width":0,"ocean_custom_logo_tablet_max_width":0,"ocean_custom_logo_mobile_max_width":0,"ocean_custom_logo_max_height":0,"ocean_custom_logo_tablet_max_height":0,"ocean_custom_logo_mobile_max_height":0,"ocean_header_custom_menu":"","ocean_menu_typo_font_family":"","ocean_menu_typo_font_subset":"","ocean_menu_typo_font_size":0,"ocean_menu_typo_font_size_tablet":0,"ocean_menu_typo_font_size_mobile":0,"ocean_menu_typo_font_size_unit":"px","ocean_menu_typo_font_weight":"","ocean_menu_typo_font_weight_tablet":"","ocean_menu_typo_font_weight_mobile":"","ocean_menu_typo_transform":"","ocean_menu_typo_transform_tablet":"","ocean_menu_typo_transform_mobile":"","ocean_menu_typo_line_height":0,"ocean_menu_typo_line_height_tablet":0,"ocean_menu_typo_line_height_mobile":0,"ocean_menu_typo_line_height_unit":"","ocean_menu_typo_spacing":0,"ocean_menu_typo_spacing_tablet":0,"ocean_menu_typo_spacing_mobile":0,"ocean_menu_typo_spacing_unit":"","ocean_menu_link_color":"","ocean_menu_link_color_hover":"","ocean_menu_link_color_active":"","ocean_menu_link_background":"","ocean_menu_link_hover_background":"","ocean_menu_link_active_background":"","ocean_menu_social_links_bg":"","ocean_menu_social_hover_links_bg":"","ocean_menu_social_links_color":"","ocean_menu_social_hover_links_color":"","ocean_disable_title":"default","ocean_disable_heading":"default","ocean_post_title":"","ocean_post_subheading":"","ocean_post_title_style":"","ocean_post_title_background_color":"","ocean_post_title_background":0,"ocean_post_title_bg_image_position":"","ocean_post_title_bg_image_attachment":"","ocean_post_title_bg_image_repeat":"","ocean_post_title_bg_image_size":"","ocean_post_title_height":0,"ocean_post_title_bg_overlay":0.5,"ocean_post_title_bg_overlay_color":"","ocean_disable_breadcrumbs":"default","ocean_breadcrumbs_color":"","ocean_breadcrumbs_separator_color":"","ocean_breadcrumbs_links_color":"","ocean_breadcrumbs_links_hover_color":"","ocean_display_footer_widgets":"default","ocean_display_footer_bottom":"default","ocean_custom_footer_template":"","footnotes":""},"class_list":["post-1863","page","type-page","status-publish","hentry","entry"],"_links":{"self":[{"href":"http:\/\/www.starogardgdanski.eu\/2025\/wp-json\/wp\/v2\/pages\/1863","targetHints":{"allow":["GET"]}}],"collection":[{"href":"http:\/\/www.starogardgdanski.eu\/2025\/wp-json\/wp\/v2\/pages"}],"about":[{"href":"http:\/\/www.starogardgdanski.eu\/2025\/wp-json\/wp\/v2\/types\/page"}],"author":[{"embeddable":true,"href":"http:\/\/www.starogardgdanski.eu\/2025\/wp-json\/wp\/v2\/users\/1"}],"replies":[{"embeddable":true,"href":"http:\/\/www.starogardgdanski.eu\/2025\/wp-json\/wp\/v2\/comments?post=1863"}],"version-history":[{"count":7,"href":"http:\/\/www.starogardgdanski.eu\/2025\/wp-json\/wp\/v2\/pages\/1863\/revisions"}],"predecessor-version":[{"id":1895,"href":"http:\/\/www.starogardgdanski.eu\/2025\/wp-json\/wp\/v2\/pages\/1863\/revisions\/1895"}],"wp:attachment":[{"href":"http:\/\/www.starogardgdanski.eu\/2025\/wp-json\/wp\/v2\/media?parent=1863"}],"curies":[{"name":"wp","href":"https:\/\/api.w.org\/{rel}","templated":true}]}}